{"id":414,"date":"2025-11-12T15:35:34","date_gmt":"2025-11-12T14:35:34","guid":{"rendered":"https:\/\/lesgitesdelamourebasse.fr\/?page_id=414"},"modified":"2025-11-25T21:47:13","modified_gmt":"2025-11-25T20:47:13","slug":"evenements-prives-votre-celebration-memorable-dans-le-quercy","status":"publish","type":"page","link":"https:\/\/lesgitesdelamourebasse.fr\/index.php\/evenements-prives-votre-celebration-memorable-dans-le-quercy\/","title":{"rendered":"Ev\u00e9nements priv\u00e9s : C\u00e9l\u00e9brez vos moments d&rsquo;exception au domaine"},"content":{"rendered":"\n<figure class=\"wp-block-image size-large\"><img loading=\"lazy\" decoding=\"async\" width=\"1024\" height=\"341\" src=\"https:\/\/lesgitesdelamourebasse.fr\/wp-content\/uploads\/2025\/10\/Des-moments-a-feter-a-aimer-a-cherir.-6-1024x341.png\" alt=\"\" class=\"wp-image-349\" srcset=\"https:\/\/lesgitesdelamourebasse.fr\/wp-content\/uploads\/2025\/10\/Des-moments-a-feter-a-aimer-a-cherir.-6-1024x341.png 1024w, https:\/\/lesgitesdelamourebasse.fr\/wp-content\/uploads\/2025\/10\/Des-moments-a-feter-a-aimer-a-cherir.-6-600x200.png 600w, https:\/\/lesgitesdelamourebasse.fr\/wp-content\/uploads\/2025\/10\/Des-moments-a-feter-a-aimer-a-cherir.-6-300x100.png 300w, https:\/\/lesgitesdelamourebasse.fr\/wp-content\/uploads\/2025\/10\/Des-moments-a-feter-a-aimer-a-cherir.-6-768x256.png 768w, https:\/\/lesgitesdelamourebasse.fr\/wp-content\/uploads\/2025\/10\/Des-moments-a-feter-a-aimer-a-cherir.-6.png 1200w\" sizes=\"auto, (max-width: 1024px) 100vw, 1024px\" \/><\/figure>\n\n\n\n<p>Le domaine de La Moure Basse est plus qu&rsquo;un lieu d&rsquo;h\u00e9bergement : c&rsquo;est un toile de fond exceptionnelle pour tous vos moments de vie. Imaginez une demande en mariage f\u00e9erique, des retrouvailles familiales  conviviales ou un mariage intimiste et champ\u00eatre. Nous vous offrons un cadre privatisable et des options de service totalement flexibles pour faire de votre \u00e9v\u00e9nements une r\u00e9ussite sereine et inoubliable.<\/p>\n\n\n\n<div style=\"height:100px\" aria-hidden=\"true\" class=\"wp-block-spacer\"><\/div>\n\n\n\n<h2 class=\"wp-block-heading has-background has-large-font-size\" style=\"background-color:#4f602c\"><mark style=\"background-color:rgba(0, 0, 0, 0);color:#d2bd9f\" class=\"has-inline-color\">Nos \u00e9v\u00e9nements phare : Cr\u00e9ez l&rsquo;instant parfait<\/mark><\/h2>\n\n\n\n<p>Le domaine de La Moure Basse se sp\u00e9cialise dans l&rsquo;accueil d&rsquo;\u00e9v\u00e9nements qui recherchent l&rsquo;authenticit\u00e9, l&rsquo;exclusivit\u00e9 et la s\u00e9r\u00e9nit\u00e9. Avec notre capacit\u00e9 d&rsquo;h\u00e9bergement limit\u00e9e \u00e0 11 personnes, nous nous positionnons comme le lieu id\u00e9al pour les rassemblements qui privil\u00e9gient la qualit\u00e9 de l&rsquo;instant au nombre d&rsquo;invit\u00e9s.<\/p>\n\n\n\n<ul class=\"wp-block-list\">\n<li>Mariages et c\u00e9r\u00e9monies intimes\n<ul class=\"wp-block-list\">\n<li>Nous vous offrons le cadre parfait pour un mariage ou une c\u00e9r\u00e9monie la\u00efque intime. Le domaine est enti\u00e8rement privatisable pour votre r\u00e9ception. Concentrez-vous sur vos invit\u00e9s les plus proches et vivez un week-end d&rsquo;union exceptionnel, loin du faste et du stress.<\/li>\n<\/ul>\n<\/li>\n\n\n\n<li>EVJF &amp; EVG (Retraites conviviales)\n<ul class=\"wp-block-list\">\n<li>Un lieu loin des regards, parfait pour un groupe de 11 personnes maximum. Id\u00e9al pour organiser une retraite bien-\u00eatre entre amies, des ateliers cr\u00e9atifs ou un s\u00e9jour d\u00e9contract\u00e9 avant le grand jour. L&rsquo;ambiance est garantie pour un moment de partage m\u00e9morable.<\/li>\n<\/ul>\n<\/li>\n\n\n\n<li>Anniversaires marquants et retrouvailles familiales priv\u00e9es\n<ul class=\"wp-block-list\">\n<li>C\u00e9l\u00e9brez un anniversaire sp\u00e9cial, des fian\u00e7ailles ou de petites retrouvailles familiales. C&rsquo;est le lieu id\u00e9al pour une poign\u00e9e d&rsquo;amis ou de proches souhaitant se r\u00e9unir pour un week-end prolong\u00e9 o\u00f9 l&rsquo;on prend le temps de partager.<\/li>\n<\/ul>\n<\/li>\n<\/ul>\n\n\n\n<p>Notre diff\u00e9rence : Nous garantissons une ambiance feutr\u00e9e et exclusive. Si vous r\u00eavez d&rsquo;un \u00e9v\u00e9nement qui c\u00e9l\u00e8bre l&rsquo;amour ou l&rsquo;amiti\u00e9 dans un cercle tr\u00e8s restreint, le domaine est fait pour vous.<\/p>\n\n\n\n<figure class=\"wp-block-image size-large\"><img loading=\"lazy\" decoding=\"async\" width=\"1024\" height=\"341\" src=\"https:\/\/lesgitesdelamourebasse.fr\/wp-content\/uploads\/2025\/10\/Des-moments-a-feter-a-aimer-a-cherir.-12-1024x341.png\" alt=\"\" class=\"wp-image-359\" srcset=\"https:\/\/lesgitesdelamourebasse.fr\/wp-content\/uploads\/2025\/10\/Des-moments-a-feter-a-aimer-a-cherir.-12-1024x341.png 1024w, https:\/\/lesgitesdelamourebasse.fr\/wp-content\/uploads\/2025\/10\/Des-moments-a-feter-a-aimer-a-cherir.-12-600x200.png 600w, https:\/\/lesgitesdelamourebasse.fr\/wp-content\/uploads\/2025\/10\/Des-moments-a-feter-a-aimer-a-cherir.-12-300x100.png 300w, https:\/\/lesgitesdelamourebasse.fr\/wp-content\/uploads\/2025\/10\/Des-moments-a-feter-a-aimer-a-cherir.-12-768x256.png 768w, https:\/\/lesgitesdelamourebasse.fr\/wp-content\/uploads\/2025\/10\/Des-moments-a-feter-a-aimer-a-cherir.-12.png 1200w\" sizes=\"auto, (max-width: 1024px) 100vw, 1024px\" \/><\/figure>\n\n\n\n<div style=\"height:100px\" aria-hidden=\"true\" class=\"wp-block-spacer\"><\/div>\n\n\n\n<h3 class=\"wp-block-heading has-text-align-center has-background has-large-font-size\" style=\"background-color:#4f602c\"><mark style=\"background-color:rgba(0, 0, 0, 0);color:#d2bd9f\" class=\"has-inline-color\">Pr\u00eat(e) \u00e0 cr\u00e9er votre \u00e9v\u00e9nement intimiste ? Demandez votre devis personnalis\u00e9<\/mark><\/h3>\n\n\n<style id=\"wpforms-css-vars-528-block-1f3d5659-2aa1-45f8-a8f4-97621ee4e797\">\n\t\t\t\t#wpforms-528.wpforms-block-1f3d5659-2aa1-45f8-a8f4-97621ee4e797 {\n\t\t\t\t--wpforms-label-color: #7f4921;\n--wpforms-label-sublabel-color: #4f602c;\n--wpforms-label-error-color: #7f4921;\n--wpforms-page-break-color: #dddddd;\n--wpforms-field-border-radius: 0px;\n--wpforms-field-background-color: #d2bd9f;\n--wpforms-field-border-color: #4f602c;\n--wpforms-field-border-color-spare: #4f602c;\n--wpforms-field-text-color: #7f4921;\n--wpforms-field-menu-color: #d2bd9f;\n--wpforms-button-border-style: solid;\n--wpforms-button-border-radius: 0px;\n--wpforms-button-background-color: #4f602c;\n--wpforms-button-text-color: #d2bd9f;\n--wpforms-button-border-color: #4f602c;\n--wpforms-label-size-font-size: 14px;\n--wpforms-label-size-line-height: 17px;\n--wpforms-label-size-sublabel-font-size: 13px;\n--wpforms-label-size-sublabel-line-height: 16px;\n\t\t\t}\n\t\t\t<\/style><div class=\"wpforms-container wpforms-container-full wpforms-block wpforms-block-1f3d5659-2aa1-45f8-a8f4-97621ee4e797 wpforms-render-modern\" id=\"wpforms-528\"><form id=\"wpforms-form-528\" class=\"wpforms-validate wpforms-form wpforms-ajax-form\" data-formid=\"528\" method=\"post\" enctype=\"multipart\/form-data\" action=\"\/index.php\/wp-json\/wp\/v2\/pages\/414\" data-token=\"bfd30befcde3c9b66590fa082fd24be0\" data-token-time=\"1775576190\"><noscript class=\"wpforms-error-noscript\">Veuillez activer JavaScript dans votre navigateur pour remplir ce formulaire.<\/noscript><div id=\"wpforms-error-noscript\" style=\"display: none;\">Veuillez activer JavaScript dans votre navigateur pour remplir ce formulaire.<\/div><div class=\"wpforms-field-container\"><div id=\"wpforms-528-field_1-container\" class=\"wpforms-field wpforms-field-name\" data-field-id=\"1\"><fieldset><legend class=\"wpforms-field-label\">Nom et Pr\u00e9nom <span class=\"wpforms-required-label\" aria-hidden=\"true\">*<\/span><\/legend><div class=\"wpforms-field-row wpforms-field-medium\"><div class=\"wpforms-field-row-block wpforms-first wpforms-one-half\"><input type=\"text\" id=\"wpforms-528-field_1\" class=\"wpforms-field-name-first wpforms-field-required\" name=\"wpforms[fields][1][first]\" aria-errormessage=\"wpforms-528-field_1-error\" required><label for=\"wpforms-528-field_1\" class=\"wpforms-field-sublabel after\">Pr\u00e9nom<\/label><\/div><div class=\"wpforms-field-row-block wpforms-one-half\"><input type=\"text\" id=\"wpforms-528-field_1-last\" class=\"wpforms-field-name-last wpforms-field-required\" name=\"wpforms[fields][1][last]\" aria-errormessage=\"wpforms-528-field_1-last-error\" required><label for=\"wpforms-528-field_1-last\" class=\"wpforms-field-sublabel after\">Nom<\/label><\/div><\/div><\/fieldset><\/div><div id=\"wpforms-528-field_2-container\" class=\"wpforms-field wpforms-field-email\" data-field-id=\"2\"><label class=\"wpforms-field-label\" for=\"wpforms-528-field_2\">E-mail <span class=\"wpforms-required-label\" aria-hidden=\"true\">*<\/span><\/label><input type=\"email\" id=\"wpforms-528-field_2\" class=\"wpforms-field-medium wpforms-field-required\" name=\"wpforms[fields][2]\" spellcheck=\"false\" aria-errormessage=\"wpforms-528-field_2-error\" required><\/div><div id=\"wpforms-528-field_4-container\" class=\"wpforms-field wpforms-field-email\" data-field-id=\"4\"><label class=\"wpforms-field-label\" for=\"wpforms-528-field_4\">T\u00e9l\u00e9phone <span class=\"wpforms-required-label\" aria-hidden=\"true\">*<\/span><\/label><input type=\"email\" id=\"wpforms-528-field_4\" class=\"wpforms-field-medium wpforms-field-required\" name=\"wpforms[fields][4]\" spellcheck=\"false\" aria-errormessage=\"wpforms-528-field_4-error\" required><\/div><div id=\"wpforms-528-field_5-container\" class=\"wpforms-field wpforms-field-select wpforms-field-select-style-classic\" data-field-id=\"5\"><label class=\"wpforms-field-label\" for=\"wpforms-528-field_5\">Type d&#039;\u00e9v\u00e9nement<\/label><select id=\"wpforms-528-field_5\" class=\"wpforms-field-medium\" name=\"wpforms[fields][5]\"><option value=\"EVJF\/EVG\"  class=\"choice-1 depth-1\"  >EVJF\/EVG<\/option><option value=\"Mariage\"  class=\"choice-2 depth-1\"  >Mariage<\/option><option value=\"Fian\u00e7ailles\"  class=\"choice-3 depth-1\"  >Fian\u00e7ailles<\/option><option value=\"Demande en mariage\"  class=\"choice-4 depth-1\"  >Demande en mariage<\/option><option value=\"Cousinade\"  class=\"choice-5 depth-1\"  >Cousinade<\/option><option value=\"F\u00eate de famille\"  class=\"choice-6 depth-1\"  >F\u00eate de famille<\/option><option value=\"Anniversaire\"  class=\"choice-7 depth-1\"  >Anniversaire<\/option><option value=\"Autre\"  class=\"choice-8 depth-1\"  >Autre<\/option><\/select><\/div><div id=\"wpforms-528-field_6-container\" class=\"wpforms-field wpforms-field-text\" data-field-id=\"6\"><label class=\"wpforms-field-label\" for=\"wpforms-528-field_6\">Date souhait\u00e9e<\/label><input type=\"text\" id=\"wpforms-528-field_6\" class=\"wpforms-field-medium\" name=\"wpforms[fields][6]\" aria-errormessage=\"wpforms-528-field_6-error\" ><\/div><div id=\"wpforms-528-field_7-container\" class=\"wpforms-field wpforms-field-text\" data-field-id=\"7\"><label class=\"wpforms-field-label\" for=\"wpforms-528-field_7\">Nombre d&#039;invit\u00e9s (h\u00e9berg\u00e9s)<\/label><input type=\"text\" id=\"wpforms-528-field_7\" class=\"wpforms-field-medium\" name=\"wpforms[fields][7]\" aria-errormessage=\"wpforms-528-field_7-error\" ><\/div><div id=\"wpforms-528-field_8-container\" class=\"wpforms-field wpforms-field-text\" data-field-id=\"8\"><label class=\"wpforms-field-label\" for=\"wpforms-528-field_8\">Nombre d&#039;invit\u00e9s (total pour la r\u00e9ception)<\/label><input type=\"text\" id=\"wpforms-528-field_8\" class=\"wpforms-field-medium\" name=\"wpforms[fields][8]\" aria-errormessage=\"wpforms-528-field_8-error\" ><\/div>\t\t<div id=\"wpforms-528-field_10-container\"\n\t\t\tclass=\"wpforms-field wpforms-field-text\"\n\t\t\tdata-field-type=\"text\"\n\t\t\tdata-field-id=\"10\"\n\t\t\t>\n\t\t\t<label class=\"wpforms-field-label\" for=\"wpforms-528-field_10\" >Formule d&#039;invit\u00e9s Type<\/label>\n\t\t\t<input type=\"text\" id=\"wpforms-528-field_10\" class=\"wpforms-field-medium\" name=\"wpforms[fields][10]\" >\n\t\t<\/div>\n\t\t<div id=\"wpforms-528-field_9-container\" class=\"wpforms-field wpforms-field-select wpforms-field-select-style-classic\" data-field-id=\"9\"><label class=\"wpforms-field-label\" for=\"wpforms-528-field_9\">Formule choisie<\/label><select id=\"wpforms-528-field_9\" class=\"wpforms-field-medium\" name=\"wpforms[fields][9]\"><option value=\"Location seule\"  class=\"choice-1 depth-1\"  >Location seule<\/option><option value=\"Location + d\u00e9co\"  class=\"choice-2 depth-1\"  >Location + d\u00e9co<\/option><option value=\"Tout-inclus\"  class=\"choice-3 depth-1\"  >Tout-inclus<\/option><\/select><\/div><div id=\"wpforms-528-field_3-container\" class=\"wpforms-field wpforms-field-textarea\" data-field-id=\"3\"><label class=\"wpforms-field-label\" for=\"wpforms-528-field_3\">D\u00e9tails\/Message<\/label><textarea id=\"wpforms-528-field_3\" class=\"wpforms-field-medium\" name=\"wpforms[fields][3]\" aria-errormessage=\"wpforms-528-field_3-error\" ><\/textarea><\/div><script>\n\t\t\t\t( function() {\n\t\t\t\t\tconst style = document.createElement( 'style' );\n\t\t\t\t\tstyle.appendChild( document.createTextNode( '#wpforms-528-field_10-container { position: absolute !important; overflow: hidden !important; display: inline !important; height: 1px !important; width: 1px !important; z-index: -1000 !important; padding: 0 !important; } #wpforms-528-field_10-container input { visibility: hidden; } #wpforms-conversational-form-page #wpforms-528-field_10-container label { counter-increment: none; }' ) );\n\t\t\t\t\tdocument.head.appendChild( style );\n\t\t\t\t\tdocument.currentScript?.remove();\n\t\t\t\t} )();\n\t\t\t<\/script><\/div><!-- .wpforms-field-container --><div class=\"wpforms-submit-container\" ><input type=\"hidden\" name=\"wpforms[id]\" value=\"528\"><input type=\"hidden\" name=\"page_title\" value=\"\"><input type=\"hidden\" name=\"page_url\" value=\"https:\/\/lesgitesdelamourebasse.fr\/index.php\/wp-json\/wp\/v2\/pages\/414\"><input type=\"hidden\" name=\"url_referer\" value=\"\"><button type=\"submit\" name=\"wpforms[submit]\" id=\"wpforms-submit-528\" class=\"wpforms-submit\" data-alt-text=\"Envoi...\" data-submit-text=\"Envoyer\" aria-live=\"assertive\" value=\"wpforms-submit\">Envoyer<\/button><img loading=\"lazy\" decoding=\"async\" src=\"https:\/\/lesgitesdelamourebasse.fr\/wp-content\/plugins\/wpforms-lite\/assets\/images\/submit-spin.svg\" class=\"wpforms-submit-spinner\" style=\"display: none;\" width=\"26\" height=\"26\" alt=\"Chargement en cours\"><\/div><\/form><\/div>  <!-- .wpforms-container -->\n\n\n<p><\/p>\n","protected":false},"excerpt":{"rendered":"<p>Le domaine de La Moure Basse est plus qu&rsquo;un lieu d&rsquo;h\u00e9bergement : c&rsquo;est un toile de fond exceptionnelle pour tous vos moments de vie. Imaginez une demande en mariage f\u00e9erique, [&hellip;]<\/p>\n","protected":false},"author":1,"featured_media":0,"parent":0,"menu_order":0,"comment_status":"closed","ping_status":"closed","template":"","meta":{"zakra_page_container_layout":"customizer","zakra_page_sidebar_layout":"customizer","zakra_remove_content_margin":false,"zakra_sidebar":"customizer","zakra_transparent_header":"customizer","zakra_logo":0,"zakra_main_header_style":"default","zakra_menu_item_color":"","zakra_menu_item_hover_color":"","zakra_menu_item_active_color":"","zakra_menu_active_style":"","zakra_page_header":true,"_price":"","_stock":"","_tribe_ticket_header":"","_tribe_default_ticket_provider":"","_tribe_ticket_capacity":"0","_ticket_start_date":"","_ticket_end_date":"","_tribe_ticket_show_description":"","_tribe_ticket_show_not_going":false,"_tribe_ticket_use_global_stock":"","_tribe_ticket_global_stock_level":"","_global_stock_mode":"","_global_stock_cap":"","_tribe_rsvp_for_event":"","_tribe_ticket_going_count":"","_tribe_ticket_not_going_count":"","_tribe_tickets_list":"[]","_tribe_ticket_has_attendee_info_fields":false,"footnotes":"","_tec_slr_enabled":"","_tec_slr_layout":""},"class_list":["post-414","page","type-page","status-publish","hentry"],"yoast_head":"<!-- This site is optimized with the Yoast SEO plugin v27.3 - https:\/\/yoast.com\/product\/yoast-seo-wordpress\/ -->\n<title>Ev\u00e9nements priv\u00e9s : C\u00e9l\u00e9brez vos moments d&#039;exception au domaine -<\/title>\n<meta name=\"robots\" content=\"index, follow, max-snippet:-1, max-image-preview:large, max-video-preview:-1\" \/>\n<link rel=\"canonical\" href=\"https:\/\/lesgitesdelamourebasse.fr\/index.php\/evenements-prives-votre-celebration-memorable-dans-le-quercy\/\" \/>\n<meta property=\"og:locale\" content=\"fr_FR\" \/>\n<meta property=\"og:type\" content=\"article\" \/>\n<meta property=\"og:title\" content=\"Ev\u00e9nements priv\u00e9s : C\u00e9l\u00e9brez vos moments d&#039;exception au domaine -\" \/>\n<meta property=\"og:description\" content=\"Le domaine de La Moure Basse est plus qu&rsquo;un lieu d&rsquo;h\u00e9bergement : c&rsquo;est un toile de fond exceptionnelle pour tous vos moments de vie. Imaginez une demande en mariage f\u00e9erique, [&hellip;]\" \/>\n<meta property=\"og:url\" content=\"https:\/\/lesgitesdelamourebasse.fr\/index.php\/evenements-prives-votre-celebration-memorable-dans-le-quercy\/\" \/>\n<meta property=\"article:modified_time\" content=\"2025-11-25T20:47:13+00:00\" \/>\n<meta property=\"og:image\" content=\"https:\/\/lesgitesdelamourebasse.fr\/wp-content\/uploads\/2025\/10\/Des-moments-a-feter-a-aimer-a-cherir.-6.png\" \/>\n\t<meta property=\"og:image:width\" content=\"1200\" \/>\n\t<meta property=\"og:image:height\" content=\"400\" \/>\n\t<meta property=\"og:image:type\" content=\"image\/png\" \/>\n<meta name=\"twitter:card\" content=\"summary_large_image\" \/>\n<meta name=\"twitter:label1\" content=\"Dur\u00e9e de lecture estim\u00e9e\" \/>\n\t<meta name=\"twitter:data1\" content=\"2 minutes\" \/>\n<script type=\"application\/ld+json\" class=\"yoast-schema-graph\">{\"@context\":\"https:\\\/\\\/schema.org\",\"@graph\":[{\"@type\":\"WebPage\",\"@id\":\"https:\\\/\\\/lesgitesdelamourebasse.fr\\\/index.php\\\/evenements-prives-votre-celebration-memorable-dans-le-quercy\\\/\",\"url\":\"https:\\\/\\\/lesgitesdelamourebasse.fr\\\/index.php\\\/evenements-prives-votre-celebration-memorable-dans-le-quercy\\\/\",\"name\":\"Ev\u00e9nements priv\u00e9s : C\u00e9l\u00e9brez vos moments d'exception au domaine -\",\"isPartOf\":{\"@id\":\"https:\\\/\\\/lesgitesdelamourebasse.fr\\\/#website\"},\"primaryImageOfPage\":{\"@id\":\"https:\\\/\\\/lesgitesdelamourebasse.fr\\\/index.php\\\/evenements-prives-votre-celebration-memorable-dans-le-quercy\\\/#primaryimage\"},\"image\":{\"@id\":\"https:\\\/\\\/lesgitesdelamourebasse.fr\\\/index.php\\\/evenements-prives-votre-celebration-memorable-dans-le-quercy\\\/#primaryimage\"},\"thumbnailUrl\":\"https:\\\/\\\/lesgitesdelamourebasse.fr\\\/wp-content\\\/uploads\\\/2025\\\/10\\\/Des-moments-a-feter-a-aimer-a-cherir.-6-1024x341.png\",\"datePublished\":\"2025-11-12T14:35:34+00:00\",\"dateModified\":\"2025-11-25T20:47:13+00:00\",\"breadcrumb\":{\"@id\":\"https:\\\/\\\/lesgitesdelamourebasse.fr\\\/index.php\\\/evenements-prives-votre-celebration-memorable-dans-le-quercy\\\/#breadcrumb\"},\"inLanguage\":\"fr-FR\",\"potentialAction\":[{\"@type\":\"ReadAction\",\"target\":[\"https:\\\/\\\/lesgitesdelamourebasse.fr\\\/index.php\\\/evenements-prives-votre-celebration-memorable-dans-le-quercy\\\/\"]}]},{\"@type\":\"ImageObject\",\"inLanguage\":\"fr-FR\",\"@id\":\"https:\\\/\\\/lesgitesdelamourebasse.fr\\\/index.php\\\/evenements-prives-votre-celebration-memorable-dans-le-quercy\\\/#primaryimage\",\"url\":\"https:\\\/\\\/lesgitesdelamourebasse.fr\\\/wp-content\\\/uploads\\\/2025\\\/10\\\/Des-moments-a-feter-a-aimer-a-cherir.-6.png\",\"contentUrl\":\"https:\\\/\\\/lesgitesdelamourebasse.fr\\\/wp-content\\\/uploads\\\/2025\\\/10\\\/Des-moments-a-feter-a-aimer-a-cherir.-6.png\",\"width\":1200,\"height\":400},{\"@type\":\"BreadcrumbList\",\"@id\":\"https:\\\/\\\/lesgitesdelamourebasse.fr\\\/index.php\\\/evenements-prives-votre-celebration-memorable-dans-le-quercy\\\/#breadcrumb\",\"itemListElement\":[{\"@type\":\"ListItem\",\"position\":1,\"name\":\"Accueil\",\"item\":\"https:\\\/\\\/lesgitesdelamourebasse.fr\\\/\"},{\"@type\":\"ListItem\",\"position\":2,\"name\":\"Ev\u00e9nements priv\u00e9s : C\u00e9l\u00e9brez vos moments d&rsquo;exception au domaine\"}]},{\"@type\":\"WebSite\",\"@id\":\"https:\\\/\\\/lesgitesdelamourebasse.fr\\\/#website\",\"url\":\"https:\\\/\\\/lesgitesdelamourebasse.fr\\\/\",\"name\":\"\",\"description\":\"\",\"potentialAction\":[{\"@type\":\"SearchAction\",\"target\":{\"@type\":\"EntryPoint\",\"urlTemplate\":\"https:\\\/\\\/lesgitesdelamourebasse.fr\\\/?s={search_term_string}\"},\"query-input\":{\"@type\":\"PropertyValueSpecification\",\"valueRequired\":true,\"valueName\":\"search_term_string\"}}],\"inLanguage\":\"fr-FR\"}]}<\/script>\n<!-- \/ Yoast SEO plugin. -->","yoast_head_json":{"title":"Ev\u00e9nements priv\u00e9s : C\u00e9l\u00e9brez vos moments d'exception au domaine -","robots":{"index":"index","follow":"follow","max-snippet":"max-snippet:-1","max-image-preview":"max-image-preview:large","max-video-preview":"max-video-preview:-1"},"canonical":"https:\/\/lesgitesdelamourebasse.fr\/index.php\/evenements-prives-votre-celebration-memorable-dans-le-quercy\/","og_locale":"fr_FR","og_type":"article","og_title":"Ev\u00e9nements priv\u00e9s : C\u00e9l\u00e9brez vos moments d'exception au domaine -","og_description":"Le domaine de La Moure Basse est plus qu&rsquo;un lieu d&rsquo;h\u00e9bergement : c&rsquo;est un toile de fond exceptionnelle pour tous vos moments de vie. Imaginez une demande en mariage f\u00e9erique, [&hellip;]","og_url":"https:\/\/lesgitesdelamourebasse.fr\/index.php\/evenements-prives-votre-celebration-memorable-dans-le-quercy\/","article_modified_time":"2025-11-25T20:47:13+00:00","og_image":[{"width":1200,"height":400,"url":"https:\/\/lesgitesdelamourebasse.fr\/wp-content\/uploads\/2025\/10\/Des-moments-a-feter-a-aimer-a-cherir.-6.png","type":"image\/png"}],"twitter_card":"summary_large_image","twitter_misc":{"Dur\u00e9e de lecture estim\u00e9e":"2 minutes"},"schema":{"@context":"https:\/\/schema.org","@graph":[{"@type":"WebPage","@id":"https:\/\/lesgitesdelamourebasse.fr\/index.php\/evenements-prives-votre-celebration-memorable-dans-le-quercy\/","url":"https:\/\/lesgitesdelamourebasse.fr\/index.php\/evenements-prives-votre-celebration-memorable-dans-le-quercy\/","name":"Ev\u00e9nements priv\u00e9s : C\u00e9l\u00e9brez vos moments d'exception au domaine -","isPartOf":{"@id":"https:\/\/lesgitesdelamourebasse.fr\/#website"},"primaryImageOfPage":{"@id":"https:\/\/lesgitesdelamourebasse.fr\/index.php\/evenements-prives-votre-celebration-memorable-dans-le-quercy\/#primaryimage"},"image":{"@id":"https:\/\/lesgitesdelamourebasse.fr\/index.php\/evenements-prives-votre-celebration-memorable-dans-le-quercy\/#primaryimage"},"thumbnailUrl":"https:\/\/lesgitesdelamourebasse.fr\/wp-content\/uploads\/2025\/10\/Des-moments-a-feter-a-aimer-a-cherir.-6-1024x341.png","datePublished":"2025-11-12T14:35:34+00:00","dateModified":"2025-11-25T20:47:13+00:00","breadcrumb":{"@id":"https:\/\/lesgitesdelamourebasse.fr\/index.php\/evenements-prives-votre-celebration-memorable-dans-le-quercy\/#breadcrumb"},"inLanguage":"fr-FR","potentialAction":[{"@type":"ReadAction","target":["https:\/\/lesgitesdelamourebasse.fr\/index.php\/evenements-prives-votre-celebration-memorable-dans-le-quercy\/"]}]},{"@type":"ImageObject","inLanguage":"fr-FR","@id":"https:\/\/lesgitesdelamourebasse.fr\/index.php\/evenements-prives-votre-celebration-memorable-dans-le-quercy\/#primaryimage","url":"https:\/\/lesgitesdelamourebasse.fr\/wp-content\/uploads\/2025\/10\/Des-moments-a-feter-a-aimer-a-cherir.-6.png","contentUrl":"https:\/\/lesgitesdelamourebasse.fr\/wp-content\/uploads\/2025\/10\/Des-moments-a-feter-a-aimer-a-cherir.-6.png","width":1200,"height":400},{"@type":"BreadcrumbList","@id":"https:\/\/lesgitesdelamourebasse.fr\/index.php\/evenements-prives-votre-celebration-memorable-dans-le-quercy\/#breadcrumb","itemListElement":[{"@type":"ListItem","position":1,"name":"Accueil","item":"https:\/\/lesgitesdelamourebasse.fr\/"},{"@type":"ListItem","position":2,"name":"Ev\u00e9nements priv\u00e9s : C\u00e9l\u00e9brez vos moments d&rsquo;exception au domaine"}]},{"@type":"WebSite","@id":"https:\/\/lesgitesdelamourebasse.fr\/#website","url":"https:\/\/lesgitesdelamourebasse.fr\/","name":"","description":"","potentialAction":[{"@type":"SearchAction","target":{"@type":"EntryPoint","urlTemplate":"https:\/\/lesgitesdelamourebasse.fr\/?s={search_term_string}"},"query-input":{"@type":"PropertyValueSpecification","valueRequired":true,"valueName":"search_term_string"}}],"inLanguage":"fr-FR"}]}},"jetpack_sharing_enabled":true,"ticketed":false,"_links":{"self":[{"href":"https:\/\/lesgitesdelamourebasse.fr\/index.php\/wp-json\/wp\/v2\/pages\/414","targetHints":{"allow":["GET"]}}],"collection":[{"href":"https:\/\/lesgitesdelamourebasse.fr\/index.php\/wp-json\/wp\/v2\/pages"}],"about":[{"href":"https:\/\/lesgitesdelamourebasse.fr\/index.php\/wp-json\/wp\/v2\/types\/page"}],"author":[{"embeddable":true,"href":"https:\/\/lesgitesdelamourebasse.fr\/index.php\/wp-json\/wp\/v2\/users\/1"}],"replies":[{"embeddable":true,"href":"https:\/\/lesgitesdelamourebasse.fr\/index.php\/wp-json\/wp\/v2\/comments?post=414"}],"version-history":[{"count":11,"href":"https:\/\/lesgitesdelamourebasse.fr\/index.php\/wp-json\/wp\/v2\/pages\/414\/revisions"}],"predecessor-version":[{"id":548,"href":"https:\/\/lesgitesdelamourebasse.fr\/index.php\/wp-json\/wp\/v2\/pages\/414\/revisions\/548"}],"wp:attachment":[{"href":"https:\/\/lesgitesdelamourebasse.fr\/index.php\/wp-json\/wp\/v2\/media?parent=414"}],"curies":[{"name":"wp","href":"https:\/\/api.w.org\/{rel}","templated":true}]}}