{"id":32,"date":"2025-09-26T08:41:53","date_gmt":"2025-09-26T06:41:53","guid":{"rendered":"https:\/\/lesgitesdelamourebasse.fr\/?page_id=32"},"modified":"2025-11-26T10:01:51","modified_gmt":"2025-11-26T09:01:51","slug":"contact","status":"publish","type":"page","link":"https:\/\/lesgitesdelamourebasse.fr\/index.php\/contact\/","title":{"rendered":"Contact"},"content":{"rendered":"\n<div style=\"height:100px\" aria-hidden=\"true\" class=\"wp-block-spacer\"><\/div>\n\n\n\n<h2 class=\"wp-block-heading has-background has-x-large-font-size\" style=\"background-color:#4f602c\"><mark style=\"background-color:rgba(0, 0, 0, 0);color:#d2bd9f\" class=\"has-inline-color\">Contact : Nous \u00e9crire ou nous appeler<\/mark><\/h2>\n\n\n\n<p>Nous sommes ravis de l&rsquo;int\u00e9r\u00eat que vous portez au domaine de La Moure Basse ! Que ce soit pour v\u00e9rifier une disponibilit\u00e9, obtenir un devis \u00e9v\u00e9nementiel ou simplement pour une question sur la r\u00e9gion, notre \u00e9quipe est \u00e0 votre disposition. Nous nous engageons \u00e0 vous r\u00e9pondre dans les 24 heures ouvr\u00e9es.<\/p>\n\n\n\n<div style=\"height:100px\" aria-hidden=\"true\" class=\"wp-block-spacer\"><\/div>\n\n\n\n<h2 class=\"wp-block-heading has-x-large-font-size\"><mark style=\"background-color:#4f602c;color:#d2bd9f\" class=\"has-inline-color\">Formulaire de contact<\/mark><\/h2>\n\n\n\n<p>Utilisez le formulaire ci-dessous pour toutes les demandes g\u00e9n\u00e9rales concernant les g\u00eetes, les tarifs, ou les informations sur le domaine. Si votre demande concerne un \u00e9v\u00e9nement priv\u00e9 ou une retraite, veuillez utiliser les formulaires d\u00e9di\u00e9s sur ces pages pour une r\u00e9ponse plus rapide.<\/p>\n\n\n<style id=\"wpforms-css-vars-543-block-2234beac-f2de-4b4c-9bc2-9d71add48aa6\">\n\t\t\t\t#wpforms-543.wpforms-block-2234beac-f2de-4b4c-9bc2-9d71add48aa6 {\n\t\t\t\t--wpforms-label-color: #7f4921;\n--wpforms-label-sublabel-color: #4f602c;\n--wpforms-label-error-color: #7f4921;\n--wpforms-field-background-color: #d2bd9f;\n--wpforms-field-border-color: #4f602c;\n--wpforms-field-border-color-spare: #4f602c;\n--wpforms-field-text-color: #7f4921;\n--wpforms-field-menu-color: #d2bd9f;\n--wpforms-button-border-style: solid;\n--wpforms-button-background-color: #4f602c;\n--wpforms-button-text-color: #d2bd9f;\n--wpforms-button-border-color: #4f602c;\n--wpforms-field-size-input-height: 43px;\n--wpforms-field-size-input-spacing: 15px;\n--wpforms-field-size-font-size: 16px;\n--wpforms-field-size-line-height: 19px;\n--wpforms-field-size-padding-h: 14px;\n--wpforms-field-size-checkbox-size: 16px;\n--wpforms-field-size-sublabel-spacing: 5px;\n--wpforms-field-size-icon-size: 1;\n--wpforms-label-size-font-size: 16px;\n--wpforms-label-size-line-height: 19px;\n--wpforms-label-size-sublabel-font-size: 14px;\n--wpforms-label-size-sublabel-line-height: 17px;\n--wpforms-button-size-font-size: 17px;\n--wpforms-button-size-height: 41px;\n--wpforms-button-size-padding-h: 15px;\n--wpforms-button-size-margin-top: 10px;\n\t\t\t}\n\t\t\t<\/style><div class=\"wpforms-container wpforms-container-full wpforms-block wpforms-block-2234beac-f2de-4b4c-9bc2-9d71add48aa6 wpforms-render-modern\" id=\"wpforms-543\"><form id=\"wpforms-form-543\" class=\"wpforms-validate wpforms-form wpforms-ajax-form\" data-formid=\"543\" method=\"post\" enctype=\"multipart\/form-data\" action=\"\/index.php\/wp-json\/wp\/v2\/pages\/32\" data-token=\"13449bc610ce026259d56f7bf32281e7\" data-token-time=\"1775576061\"><noscript class=\"wpforms-error-noscript\">Veuillez activer JavaScript dans votre navigateur pour remplir ce formulaire.<\/noscript><div id=\"wpforms-error-noscript\" style=\"display: none;\">Veuillez activer JavaScript dans votre navigateur pour remplir ce formulaire.<\/div><div class=\"wpforms-field-container\"><div id=\"wpforms-543-field_1-container\" class=\"wpforms-field wpforms-field-name\" data-field-id=\"1\"><fieldset><legend class=\"wpforms-field-label\">Nom et Pr\u00e9nom <span class=\"wpforms-required-label\" aria-hidden=\"true\">*<\/span><\/legend><div class=\"wpforms-field-row wpforms-field-medium\"><div class=\"wpforms-field-row-block wpforms-first wpforms-one-half\"><input type=\"text\" id=\"wpforms-543-field_1\" class=\"wpforms-field-name-first wpforms-field-required\" name=\"wpforms[fields][1][first]\" aria-errormessage=\"wpforms-543-field_1-error\" required><label for=\"wpforms-543-field_1\" class=\"wpforms-field-sublabel after\">Pr\u00e9nom<\/label><\/div><div class=\"wpforms-field-row-block wpforms-one-half\"><input type=\"text\" id=\"wpforms-543-field_1-last\" class=\"wpforms-field-name-last wpforms-field-required\" name=\"wpforms[fields][1][last]\" aria-errormessage=\"wpforms-543-field_1-last-error\" required><label for=\"wpforms-543-field_1-last\" class=\"wpforms-field-sublabel after\">Nom<\/label><\/div><\/div><\/fieldset><\/div>\t\t<div id=\"wpforms-543-field_4-container\"\n\t\t\tclass=\"wpforms-field wpforms-field-text\"\n\t\t\tdata-field-type=\"text\"\n\t\t\tdata-field-id=\"4\"\n\t\t\t>\n\t\t\t<label class=\"wpforms-field-label\" for=\"wpforms-543-field_4\" >E-mail T\u00e9l\u00e9phone la<\/label>\n\t\t\t<input type=\"text\" id=\"wpforms-543-field_4\" class=\"wpforms-field-medium\" name=\"wpforms[fields][4]\" >\n\t\t<\/div>\n\t\t<div id=\"wpforms-543-field_2-container\" class=\"wpforms-field wpforms-field-email\" data-field-id=\"2\"><label class=\"wpforms-field-label\" for=\"wpforms-543-field_2\">E-mail <span class=\"wpforms-required-label\" aria-hidden=\"true\">*<\/span><\/label><input type=\"email\" id=\"wpforms-543-field_2\" class=\"wpforms-field-medium wpforms-field-required\" name=\"wpforms[fields][2]\" spellcheck=\"false\" aria-errormessage=\"wpforms-543-field_2-error\" required><\/div><div id=\"wpforms-543-field_5-container\" class=\"wpforms-field wpforms-field-text\" data-field-id=\"5\"><label class=\"wpforms-field-label\" for=\"wpforms-543-field_5\">T\u00e9l\u00e9phone<\/label><input type=\"text\" id=\"wpforms-543-field_5\" class=\"wpforms-field-medium\" name=\"wpforms[fields][5]\" aria-errormessage=\"wpforms-543-field_5-error\" ><\/div><div id=\"wpforms-543-field_6-container\" class=\"wpforms-field wpforms-field-text\" data-field-id=\"6\"><label class=\"wpforms-field-label\" for=\"wpforms-543-field_6\">Objet de la demande<\/label><input type=\"text\" id=\"wpforms-543-field_6\" class=\"wpforms-field-medium\" name=\"wpforms[fields][6]\" aria-errormessage=\"wpforms-543-field_6-error\" ><\/div><div id=\"wpforms-543-field_3-container\" class=\"wpforms-field wpforms-field-textarea\" data-field-id=\"3\"><label class=\"wpforms-field-label\" for=\"wpforms-543-field_3\">Votre message<\/label><textarea id=\"wpforms-543-field_3\" class=\"wpforms-field-medium\" name=\"wpforms[fields][3]\" aria-errormessage=\"wpforms-543-field_3-error\" ><\/textarea><\/div><script>\n\t\t\t\t( function() {\n\t\t\t\t\tconst style = document.createElement( 'style' );\n\t\t\t\t\tstyle.appendChild( document.createTextNode( '#wpforms-543-field_4-container { position: absolute !important; overflow: hidden !important; display: inline !important; height: 1px !important; width: 1px !important; z-index: -1000 !important; padding: 0 !important; } #wpforms-543-field_4-container input { visibility: hidden; } #wpforms-conversational-form-page #wpforms-543-field_4-container label { counter-increment: none; }' ) );\n\t\t\t\t\tdocument.head.appendChild( style );\n\t\t\t\t\tdocument.currentScript?.remove();\n\t\t\t\t} )();\n\t\t\t<\/script><\/div><!-- .wpforms-field-container --><div class=\"wpforms-submit-container\" ><input type=\"hidden\" name=\"wpforms[id]\" value=\"543\"><input type=\"hidden\" name=\"page_title\" value=\"\"><input type=\"hidden\" name=\"page_url\" value=\"https:\/\/lesgitesdelamourebasse.fr\/index.php\/wp-json\/wp\/v2\/pages\/32\"><input type=\"hidden\" name=\"url_referer\" value=\"\"><button type=\"submit\" name=\"wpforms[submit]\" id=\"wpforms-submit-543\" class=\"wpforms-submit\" data-alt-text=\"Envoi...\" data-submit-text=\"Envoyer\" aria-live=\"assertive\" value=\"wpforms-submit\">Envoyer<\/button><img loading=\"lazy\" decoding=\"async\" src=\"https:\/\/lesgitesdelamourebasse.fr\/wp-content\/plugins\/wpforms-lite\/assets\/images\/submit-spin.svg\" class=\"wpforms-submit-spinner\" style=\"display: none;\" width=\"26\" height=\"26\" alt=\"Chargement en cours\"><\/div><\/form><\/div>  <!-- .wpforms-container -->\n\n\n<div style=\"height:100px\" aria-hidden=\"true\" class=\"wp-block-spacer\"><\/div>\n\n\n\n<h2 class=\"wp-block-heading has-x-large-font-size\"><mark style=\"background-color:#4f602c;color:#d2bd9f\" class=\"has-inline-color\">Nos coordonn\u00e9es et horaires<\/mark><\/h2>\n\n\n\n<p>Si vous pr\u00e9f\u00e9rez un contact direct ou si vous \u00eates d\u00e9j\u00e0 en route, voici nos coordonn\u00e9es :<\/p>\n\n\n\n<ul class=\"wp-block-list\">\n<li>\ud83d\udccd <strong>Adresse<\/strong> : Les G\u00eetes de La Moure Basse, 398 route de Belv\u00e8ze, Montaigu-de-Quercy <\/li>\n\n\n\n<li>\ud83d\udcde <strong>T\u00e9l\u00e9phone<\/strong> : 09.79.74.19.91<\/li>\n\n\n\n<li>\u2709\ufe0f <strong>Email<\/strong> : lesgitesdelamourebasse@gmail.com<\/li>\n\n\n\n<li>\ud83c\udf10 <strong>R\u00e9seaux sociaux<\/strong> : @lesgitesdelamourebasse<\/li>\n<\/ul>\n\n\n\n<p>Nos horaires d&rsquo;ouverture : Nous sommes joignables par t\u00e9l\u00e9phone du lundi au samedi de 9h \u00e0 18h. En dehors de ces heures, veuillez nous laisser un message et nous vous rappellerons.<\/p>\n\n\n\n<div style=\"height:100px\" aria-hidden=\"true\" class=\"wp-block-spacer\"><\/div>\n\n\n\n<h2 class=\"wp-block-heading has-x-large-font-size\"><mark style=\"background-color:#4f602c;color:#d2bd9f\" class=\"has-inline-color\">Acc\u00e9der au domaine : votre itin\u00e9raire<\/mark><\/h2>\n\n\n\n<p>Le domaine de La Moure Basse est situ\u00e9 dans un cadre paisible, mais reste facilement accessible.<\/p>\n\n\n\n<ul class=\"wp-block-list\">\n<li>Par la route : \u00e0 1h30 de Toulouse, 1h de Montauban, 45 min d&rsquo;Agen et 2h de Bordeaux<\/li>\n\n\n\n<li>Gare la plus proche : Gare d&rsquo;Agen<\/li>\n\n\n\n<li>A\u00e9roport : a\u00e9roport de Toulouse-Blagnac<\/li>\n<\/ul>\n\n\n\n<iframe src=\"https:\/\/www.google.com\/maps\/embed?pb=!1m18!1m12!1m3!1d2853.147581231964!2d1.04235097685118!3d44.348019371077676!2m3!1f0!2f0!3f0!3m2!1i1024!2i768!4f13.1!3m3!1m2!1s0x12ab9cdb44d85bf9%3A0x445c993c4000dec7!2s398%20Rte%20de%20Belv%C3%A8ze%2C%2082150%20Montaigu-de-Quercy!5e0!3m2!1sfr!2sfr!4v1764146186831!5m2!1sfr!2sfr\" width=\"600\" height=\"450\" style=\"border:0;\" allowfullscreen=\"\" loading=\"lazy\" referrerpolicy=\"no-referrer-when-downgrade\"><\/iframe>\n\n\n\n<div style=\"height:100px\" aria-hidden=\"true\" class=\"wp-block-spacer\"><\/div>\n\n\n\n<h2 class=\"wp-block-heading has-x-large-font-size\"><mark style=\"background-color:#4f602c;color:#d2bd9f\" class=\"has-inline-color\">Suivez-nous sur les r\u00e9seaux sociaux<\/mark><\/h2>\n\n\n\n<p><\/p>\n\n\n\n<p>Rejoignez notre communaut\u00e9 en ligne pour d\u00e9couvrir les coulisses du domaine, nos derni\u00e8res nouveaut\u00e9s et les photos inspirantes de nos h\u00f4tes :<\/p>\n\n\n\n<p><\/p>\n\n\n\n<ul class=\"wp-block-social-links has-icon-color has-icon-background-color is-style-pill-shape is-layout-flex wp-block-social-links-is-layout-flex\"><li style=\"color:#d2bd9f;background-color:#4f602c;\" class=\"wp-social-link wp-social-link-facebook  wp-block-social-link\"><a href=\"https:\/\/www.facebook.com\/profile.php?id=61578791905904\" class=\"wp-block-social-link-anchor\"><svg width=\"24\" height=\"24\" viewBox=\"0 0 24 24\" version=\"1.1\" xmlns=\"http:\/\/www.w3.org\/2000\/svg\" aria-hidden=\"true\" focusable=\"false\"><path d=\"M12 2C6.5 2 2 6.5 2 12c0 5 3.7 9.1 8.4 9.9v-7H7.9V12h2.5V9.8c0-2.5 1.5-3.9 3.8-3.9 1.1 0 2.2.2 2.2.2v2.5h-1.3c-1.2 0-1.6.8-1.6 1.6V12h2.8l-.4 2.9h-2.3v7C18.3 21.1 22 17 22 12c0-5.5-4.5-10-10-10z\"><\/path><\/svg><span class=\"wp-block-social-link-label screen-reader-text\">Facebook<\/span><\/a><\/li>\n\n<li style=\"color:#d2bd9f;background-color:#4f602c;\" class=\"wp-social-link wp-social-link-instagram  wp-block-social-link\"><a href=\"https:\/\/www.instagram.com\/lesgitesdelamourebasse\/\" class=\"wp-block-social-link-anchor\"><svg width=\"24\" height=\"24\" viewBox=\"0 0 24 24\" version=\"1.1\" xmlns=\"http:\/\/www.w3.org\/2000\/svg\" aria-hidden=\"true\" focusable=\"false\"><path d=\"M12,4.622c2.403,0,2.688,0.009,3.637,0.052c0.877,0.04,1.354,0.187,1.671,0.31c0.42,0.163,0.72,0.358,1.035,0.673 c0.315,0.315,0.51,0.615,0.673,1.035c0.123,0.317,0.27,0.794,0.31,1.671c0.043,0.949,0.052,1.234,0.052,3.637 s-0.009,2.688-0.052,3.637c-0.04,0.877-0.187,1.354-0.31,1.671c-0.163,0.42-0.358,0.72-0.673,1.035 c-0.315,0.315-0.615,0.51-1.035,0.673c-0.317,0.123-0.794,0.27-1.671,0.31c-0.949,0.043-1.233,0.052-3.637,0.052 s-2.688-0.009-3.637-0.052c-0.877-0.04-1.354-0.187-1.671-0.31c-0.42-0.163-0.72-0.358-1.035-0.673 c-0.315-0.315-0.51-0.615-0.673-1.035c-0.123-0.317-0.27-0.794-0.31-1.671C4.631,14.688,4.622,14.403,4.622,12 s0.009-2.688,0.052-3.637c0.04-0.877,0.187-1.354,0.31-1.671c0.163-0.42,0.358-0.72,0.673-1.035 c0.315-0.315,0.615-0.51,1.035-0.673c0.317-0.123,0.794-0.27,1.671-0.31C9.312,4.631,9.597,4.622,12,4.622 M12,3 C9.556,3,9.249,3.01,8.289,3.054C7.331,3.098,6.677,3.25,6.105,3.472C5.513,3.702,5.011,4.01,4.511,4.511 c-0.5,0.5-0.808,1.002-1.038,1.594C3.25,6.677,3.098,7.331,3.054,8.289C3.01,9.249,3,9.556,3,12c0,2.444,0.01,2.751,0.054,3.711 c0.044,0.958,0.196,1.612,0.418,2.185c0.23,0.592,0.538,1.094,1.038,1.594c0.5,0.5,1.002,0.808,1.594,1.038 c0.572,0.222,1.227,0.375,2.185,0.418C9.249,20.99,9.556,21,12,21s2.751-0.01,3.711-0.054c0.958-0.044,1.612-0.196,2.185-0.418 c0.592-0.23,1.094-0.538,1.594-1.038c0.5-0.5,0.808-1.002,1.038-1.594c0.222-0.572,0.375-1.227,0.418-2.185 C20.99,14.751,21,14.444,21,12s-0.01-2.751-0.054-3.711c-0.044-0.958-0.196-1.612-0.418-2.185c-0.23-0.592-0.538-1.094-1.038-1.594 c-0.5-0.5-1.002-0.808-1.594-1.038c-0.572-0.222-1.227-0.375-2.185-0.418C14.751,3.01,14.444,3,12,3L12,3z M12,7.378 c-2.552,0-4.622,2.069-4.622,4.622S9.448,16.622,12,16.622s4.622-2.069,4.622-4.622S14.552,7.378,12,7.378z M12,15 c-1.657,0-3-1.343-3-3s1.343-3,3-3s3,1.343,3,3S13.657,15,12,15z M16.804,6.116c-0.596,0-1.08,0.484-1.08,1.08 s0.484,1.08,1.08,1.08c0.596,0,1.08-0.484,1.08-1.08S17.401,6.116,16.804,6.116z\"><\/path><\/svg><span class=\"wp-block-social-link-label screen-reader-text\">Instagram<\/span><\/a><\/li><\/ul>\n\n\n\n<div style=\"height:100px\" aria-hidden=\"true\" class=\"wp-block-spacer\"><\/div>\n\n\n\n<p><\/p>\n","protected":false},"excerpt":{"rendered":"<p>Contact : Nous \u00e9crire ou nous appeler Nous sommes ravis de l&rsquo;int\u00e9r\u00eat que vous portez au domaine de La Moure Basse ! Que ce soit pour v\u00e9rifier une disponibilit\u00e9, obtenir [&hellip;]<\/p>\n","protected":false},"author":1,"featured_media":0,"parent":0,"menu_order":0,"comment_status":"closed","ping_status":"closed","template":"","meta":{"zakra_page_container_layout":"customizer","zakra_page_sidebar_layout":"customizer","zakra_remove_content_margin":false,"zakra_sidebar":"customizer","zakra_transparent_header":"customizer","zakra_logo":0,"zakra_main_header_style":"default","zakra_menu_item_color":"","zakra_menu_item_hover_color":"","zakra_menu_item_active_color":"","zakra_menu_active_style":"","zakra_page_header":true,"_price":"","_stock":"","_tribe_ticket_header":"","_tribe_default_ticket_provider":"","_tribe_ticket_capacity":"0","_ticket_start_date":"","_ticket_end_date":"","_tribe_ticket_show_description":"","_tribe_ticket_show_not_going":false,"_tribe_ticket_use_global_stock":"","_tribe_ticket_global_stock_level":"","_global_stock_mode":"","_global_stock_cap":"","_tribe_rsvp_for_event":"","_tribe_ticket_going_count":"","_tribe_ticket_not_going_count":"","_tribe_tickets_list":"[]","_tribe_ticket_has_attendee_info_fields":false,"footnotes":"[]","_tec_slr_enabled":"","_tec_slr_layout":""},"class_list":["post-32","page","type-page","status-publish","hentry"],"yoast_head":"<!-- This site is optimized with the Yoast SEO plugin v27.3 - https:\/\/yoast.com\/product\/yoast-seo-wordpress\/ -->\n<title>Contact -<\/title>\n<meta name=\"robots\" content=\"index, follow, max-snippet:-1, max-image-preview:large, max-video-preview:-1\" \/>\n<link rel=\"canonical\" href=\"https:\/\/lesgitesdelamourebasse.fr\/index.php\/contact\/\" \/>\n<meta property=\"og:locale\" content=\"fr_FR\" \/>\n<meta property=\"og:type\" content=\"article\" \/>\n<meta property=\"og:title\" content=\"Contact -\" \/>\n<meta property=\"og:description\" content=\"Contact : Nous \u00e9crire ou nous appeler Nous sommes ravis de l&rsquo;int\u00e9r\u00eat que vous portez au domaine de La Moure Basse ! Que ce soit pour v\u00e9rifier une disponibilit\u00e9, obtenir [&hellip;]\" \/>\n<meta property=\"og:url\" content=\"https:\/\/lesgitesdelamourebasse.fr\/index.php\/contact\/\" \/>\n<meta property=\"article:modified_time\" content=\"2025-11-26T09:01:51+00:00\" \/>\n<meta name=\"twitter:card\" content=\"summary_large_image\" \/>\n<meta name=\"twitter:label1\" content=\"Dur\u00e9e de lecture estim\u00e9e\" \/>\n\t<meta name=\"twitter:data1\" content=\"2 minutes\" \/>\n<script type=\"application\/ld+json\" class=\"yoast-schema-graph\">{\"@context\":\"https:\\\/\\\/schema.org\",\"@graph\":[{\"@type\":\"WebPage\",\"@id\":\"https:\\\/\\\/lesgitesdelamourebasse.fr\\\/index.php\\\/contact\\\/\",\"url\":\"https:\\\/\\\/lesgitesdelamourebasse.fr\\\/index.php\\\/contact\\\/\",\"name\":\"Contact -\",\"isPartOf\":{\"@id\":\"https:\\\/\\\/lesgitesdelamourebasse.fr\\\/#website\"},\"datePublished\":\"2025-09-26T06:41:53+00:00\",\"dateModified\":\"2025-11-26T09:01:51+00:00\",\"breadcrumb\":{\"@id\":\"https:\\\/\\\/lesgitesdelamourebasse.fr\\\/index.php\\\/contact\\\/#breadcrumb\"},\"inLanguage\":\"fr-FR\",\"potentialAction\":[{\"@type\":\"ReadAction\",\"target\":[\"https:\\\/\\\/lesgitesdelamourebasse.fr\\\/index.php\\\/contact\\\/\"]}]},{\"@type\":\"BreadcrumbList\",\"@id\":\"https:\\\/\\\/lesgitesdelamourebasse.fr\\\/index.php\\\/contact\\\/#breadcrumb\",\"itemListElement\":[{\"@type\":\"ListItem\",\"position\":1,\"name\":\"Accueil\",\"item\":\"https:\\\/\\\/lesgitesdelamourebasse.fr\\\/\"},{\"@type\":\"ListItem\",\"position\":2,\"name\":\"Contact\"}]},{\"@type\":\"WebSite\",\"@id\":\"https:\\\/\\\/lesgitesdelamourebasse.fr\\\/#website\",\"url\":\"https:\\\/\\\/lesgitesdelamourebasse.fr\\\/\",\"name\":\"\",\"description\":\"\",\"potentialAction\":[{\"@type\":\"SearchAction\",\"target\":{\"@type\":\"EntryPoint\",\"urlTemplate\":\"https:\\\/\\\/lesgitesdelamourebasse.fr\\\/?s={search_term_string}\"},\"query-input\":{\"@type\":\"PropertyValueSpecification\",\"valueRequired\":true,\"valueName\":\"search_term_string\"}}],\"inLanguage\":\"fr-FR\"}]}<\/script>\n<!-- \/ Yoast SEO plugin. -->","yoast_head_json":{"title":"Contact -","robots":{"index":"index","follow":"follow","max-snippet":"max-snippet:-1","max-image-preview":"max-image-preview:large","max-video-preview":"max-video-preview:-1"},"canonical":"https:\/\/lesgitesdelamourebasse.fr\/index.php\/contact\/","og_locale":"fr_FR","og_type":"article","og_title":"Contact -","og_description":"Contact : Nous \u00e9crire ou nous appeler Nous sommes ravis de l&rsquo;int\u00e9r\u00eat que vous portez au domaine de La Moure Basse ! Que ce soit pour v\u00e9rifier une disponibilit\u00e9, obtenir [&hellip;]","og_url":"https:\/\/lesgitesdelamourebasse.fr\/index.php\/contact\/","article_modified_time":"2025-11-26T09:01:51+00:00","twitter_card":"summary_large_image","twitter_misc":{"Dur\u00e9e de lecture estim\u00e9e":"2 minutes"},"schema":{"@context":"https:\/\/schema.org","@graph":[{"@type":"WebPage","@id":"https:\/\/lesgitesdelamourebasse.fr\/index.php\/contact\/","url":"https:\/\/lesgitesdelamourebasse.fr\/index.php\/contact\/","name":"Contact -","isPartOf":{"@id":"https:\/\/lesgitesdelamourebasse.fr\/#website"},"datePublished":"2025-09-26T06:41:53+00:00","dateModified":"2025-11-26T09:01:51+00:00","breadcrumb":{"@id":"https:\/\/lesgitesdelamourebasse.fr\/index.php\/contact\/#breadcrumb"},"inLanguage":"fr-FR","potentialAction":[{"@type":"ReadAction","target":["https:\/\/lesgitesdelamourebasse.fr\/index.php\/contact\/"]}]},{"@type":"BreadcrumbList","@id":"https:\/\/lesgitesdelamourebasse.fr\/index.php\/contact\/#breadcrumb","itemListElement":[{"@type":"ListItem","position":1,"name":"Accueil","item":"https:\/\/lesgitesdelamourebasse.fr\/"},{"@type":"ListItem","position":2,"name":"Contact"}]},{"@type":"WebSite","@id":"https:\/\/lesgitesdelamourebasse.fr\/#website","url":"https:\/\/lesgitesdelamourebasse.fr\/","name":"","description":"","potentialAction":[{"@type":"SearchAction","target":{"@type":"EntryPoint","urlTemplate":"https:\/\/lesgitesdelamourebasse.fr\/?s={search_term_string}"},"query-input":{"@type":"PropertyValueSpecification","valueRequired":true,"valueName":"search_term_string"}}],"inLanguage":"fr-FR"}]}},"jetpack_sharing_enabled":true,"ticketed":false,"_links":{"self":[{"href":"https:\/\/lesgitesdelamourebasse.fr\/index.php\/wp-json\/wp\/v2\/pages\/32","targetHints":{"allow":["GET"]}}],"collection":[{"href":"https:\/\/lesgitesdelamourebasse.fr\/index.php\/wp-json\/wp\/v2\/pages"}],"about":[{"href":"https:\/\/lesgitesdelamourebasse.fr\/index.php\/wp-json\/wp\/v2\/types\/page"}],"author":[{"embeddable":true,"href":"https:\/\/lesgitesdelamourebasse.fr\/index.php\/wp-json\/wp\/v2\/users\/1"}],"replies":[{"embeddable":true,"href":"https:\/\/lesgitesdelamourebasse.fr\/index.php\/wp-json\/wp\/v2\/comments?post=32"}],"version-history":[{"count":11,"href":"https:\/\/lesgitesdelamourebasse.fr\/index.php\/wp-json\/wp\/v2\/pages\/32\/revisions"}],"predecessor-version":[{"id":559,"href":"https:\/\/lesgitesdelamourebasse.fr\/index.php\/wp-json\/wp\/v2\/pages\/32\/revisions\/559"}],"wp:attachment":[{"href":"https:\/\/lesgitesdelamourebasse.fr\/index.php\/wp-json\/wp\/v2\/media?parent=32"}],"curies":[{"name":"wp","href":"https:\/\/api.w.org\/{rel}","templated":true}]}}