{"id":23,"date":"2025-09-25T19:08:06","date_gmt":"2025-09-25T17:08:06","guid":{"rendered":"https:\/\/lesgitesdelamourebasse.fr\/?page_id=23"},"modified":"2025-11-25T20:42:34","modified_gmt":"2025-11-25T19:42:34","slug":"les-gites","status":"publish","type":"page","link":"https:\/\/lesgitesdelamourebasse.fr\/index.php\/les-gites\/","title":{"rendered":"Nos g\u00eetes"},"content":{"rendered":"\n<p><\/p>\n\n\n\n<h1 class=\"wp-block-heading has-background\" style=\"background-color:#4f602c\"><mark style=\"background-color:rgba(0, 0, 0, 0);color:#d2bd9f\" class=\"has-inline-color\">Nos g\u00eetes : Votre cocon de charme en Occitanie<\/mark><\/h1>\n\n\n\n<p>Bienvenue dans nos trois g\u00eetes de caract\u00e8re. R\u00e9nov\u00e9s avec soin, m\u00ealant l&rsquo;\u00e2me des vieilles pierres aux lignes \u00e9pur\u00e9es et au confort moderne, Lila, Iris et Lavande sont de v\u00e9ritables cocons pens\u00e9s pour votre s\u00e9r\u00e9nit\u00e9. Que vous veniez pour une escapade romantique, des vacances en famille ou une retraite entre amis, chacun offre une ambiance unique, un espace priv\u00e9 et un acc\u00e8s privil\u00e9gi\u00e9 aux installations du domaine.<\/p>\n\n\n\n<div style=\"height:100px\" aria-hidden=\"true\" class=\"wp-block-spacer\"><\/div>\n\n\n\n<h2 class=\"wp-block-heading has-large-font-size\"><mark style=\"background-color:#4f602c;color:#d2bd9f\" class=\"has-inline-color\">Le g\u00eete Lavande : l&rsquo;\u00e9l\u00e9gance et la s\u00e9r\u00e9nit\u00e9<\/mark><\/h2>\n\n\n\n<p>Lavande est le g\u00eete id\u00e9al pour ceux qui recherchent l&rsquo;\u00e9l\u00e9gance discr\u00e8te et la tranquillit\u00e9. Inspir\u00e9 par les couleurs douces de la garrigue, il offre une atmosph\u00e8re apaisante o\u00f9 chaque d\u00e9tail de d\u00e9coration invite \u00e0 la d\u00e9tente. Le sol et la lumi\u00e8re naturelle cr\u00e9ent un espace lumineux, parfait pour se ressourcer apr\u00e8s une journ\u00e9e d&rsquo;exploration ou de farniente au bord de la piscine<\/p>\n\n\n\n<ul class=\"wp-block-list\">\n<li>Capacit\u00e9 : 3 personnes (id\u00e9al pour un couple ou une petite famille)<\/li>\n\n\n\n<li>Superficie : 60 m\u00b2<\/li>\n\n\n\n<li>Couchages : 1 chambre dont 1 lit double 140&#215;200 cm et un lit simple 90&#215;190 cm<\/li>\n\n\n\n<li>Atouts : Espace nuit \u00e0 l&rsquo;\u00e9tage, terrasse privative, po\u00eale \u00e0 bois, climatisation<\/li>\n<\/ul>\n\n\n\n<p>Equipements sp\u00e9cifiques<\/p>\n\n\n\n<ul class=\"wp-block-list\">\n<li>Cuisine enti\u00e8rement \u00e9quip\u00e9e (four, plaques de cuisson, lave-vaisselle, lave-linge)<\/li>\n\n\n\n<li>Espace repas lumineux<\/li>\n\n\n\n<li>Terrasse priv\u00e9e avec mobilier de jardin et plancha ainsi qu&rsquo;un acc\u00e8s direct au domaine.<\/li>\n<\/ul>\n\n\n\n<div class=\"wp-block-columns is-layout-flex wp-container-core-columns-is-layout-28f84493 wp-block-columns-is-layout-flex\">\n<div class=\"wp-block-column is-layout-flow wp-block-column-is-layout-flow\" style=\"flex-basis:33.34%\">\n<figure class=\"wp-block-image size-full\"><img loading=\"lazy\" decoding=\"async\" width=\"1024\" height=\"1536\" src=\"https:\/\/lesgitesdelamourebasse.fr\/wp-content\/uploads\/2025\/11\/4842cde8-e4ca-4cfc-8615-fc49fb9e4ddd.png\" alt=\"\" class=\"wp-image-505\" style=\"aspect-ratio:3\/4;object-fit:cover\" srcset=\"https:\/\/lesgitesdelamourebasse.fr\/wp-content\/uploads\/2025\/11\/4842cde8-e4ca-4cfc-8615-fc49fb9e4ddd.png 1024w, https:\/\/lesgitesdelamourebasse.fr\/wp-content\/uploads\/2025\/11\/4842cde8-e4ca-4cfc-8615-fc49fb9e4ddd-600x900.png 600w, https:\/\/lesgitesdelamourebasse.fr\/wp-content\/uploads\/2025\/11\/4842cde8-e4ca-4cfc-8615-fc49fb9e4ddd-200x300.png 200w, https:\/\/lesgitesdelamourebasse.fr\/wp-content\/uploads\/2025\/11\/4842cde8-e4ca-4cfc-8615-fc49fb9e4ddd-683x1024.png 683w, https:\/\/lesgitesdelamourebasse.fr\/wp-content\/uploads\/2025\/11\/4842cde8-e4ca-4cfc-8615-fc49fb9e4ddd-768x1152.png 768w\" sizes=\"auto, (max-width: 1024px) 100vw, 1024px\" \/><\/figure>\n<\/div>\n\n\n\n<div class=\"wp-block-column is-layout-flow wp-block-column-is-layout-flow\" style=\"flex-basis:33.34%\">\n<figure class=\"wp-block-image size-full\"><img loading=\"lazy\" decoding=\"async\" width=\"624\" height=\"775\" src=\"https:\/\/lesgitesdelamourebasse.fr\/wp-content\/uploads\/2025\/11\/Capture-decran-2025-09-16-203759.png\" alt=\"\" class=\"wp-image-506\" style=\"aspect-ratio:3\/4;object-fit:cover\" srcset=\"https:\/\/lesgitesdelamourebasse.fr\/wp-content\/uploads\/2025\/11\/Capture-decran-2025-09-16-203759.png 624w, https:\/\/lesgitesdelamourebasse.fr\/wp-content\/uploads\/2025\/11\/Capture-decran-2025-09-16-203759-600x745.png 600w, https:\/\/lesgitesdelamourebasse.fr\/wp-content\/uploads\/2025\/11\/Capture-decran-2025-09-16-203759-242x300.png 242w\" sizes=\"auto, (max-width: 624px) 100vw, 624px\" \/><\/figure>\n<\/div>\n\n\n\n<div class=\"wp-block-column is-layout-flow wp-block-column-is-layout-flow\" style=\"flex-basis:33.33%\">\n<figure class=\"wp-block-image size-full\"><img loading=\"lazy\" decoding=\"async\" width=\"620\" height=\"777\" src=\"https:\/\/lesgitesdelamourebasse.fr\/wp-content\/uploads\/2025\/11\/Capture-decran-2025-09-16-203928.png\" alt=\"\" class=\"wp-image-507\" srcset=\"https:\/\/lesgitesdelamourebasse.fr\/wp-content\/uploads\/2025\/11\/Capture-decran-2025-09-16-203928.png 620w, https:\/\/lesgitesdelamourebasse.fr\/wp-content\/uploads\/2025\/11\/Capture-decran-2025-09-16-203928-600x752.png 600w, https:\/\/lesgitesdelamourebasse.fr\/wp-content\/uploads\/2025\/11\/Capture-decran-2025-09-16-203928-239x300.png 239w\" sizes=\"auto, (max-width: 620px) 100vw, 620px\" \/><\/figure>\n<\/div>\n<\/div>\n\n\n\n<div class=\"wp-block-buttons is-content-justification-center is-layout-flex wp-container-core-buttons-is-layout-a89b3969 wp-block-buttons-is-layout-flex\">\n<div class=\"wp-block-button\"><a class=\"wp-block-button__link wp-element-button\" href=\"https:\/\/lesgitesdelamourebasse.fr\/index.php\/accommodation\/gite-lavande\/\"><mark style=\"background-color:rgba(0, 0, 0, 0);color:#d2bd9f\" class=\"has-inline-color\">Je v\u00e9rifie la disponibilit\u00e9 du g\u00eete Lavande<\/mark><\/a><\/div>\n<\/div>\n\n\n\n<div style=\"height:100px\" aria-hidden=\"true\" class=\"wp-block-spacer\"><\/div>\n\n\n\n<h2 class=\"wp-block-heading has-large-font-size\"><mark style=\"background-color:#4f602c;color:#d2bd9f\" class=\"has-inline-color\">Le G\u00eete Iris : La chaleur et la convivialit\u00e9<\/mark><\/h2>\n\n\n\n<p>Iris incarne la convivialit\u00e9 et la douceur pour une escapade \u00e0 deux ou un s\u00e9jour intime \u00e0 trois. Plus qu&rsquo;un simple g\u00eete, c&rsquo;est un refuge o\u00f9 l&rsquo;on se sent imm\u00e9diatement \u00e0 l&rsquo;aise. Il d\u00e9gage une chaleur imm\u00e9diate gr\u00e2ce \u00e0 ses poutres apparentes et son mobilier confortable. Son salon accueillant est le lieu parfait pour des moments de d\u00e9tente ou des soir\u00e9es lecture, tandis que sa cuisine ouverte incite \u00e0 la pr\u00e9paration de bons petits plats partag\u00e9s. Il est id\u00e9al pour un couple avec un jeune enfant ou deux amis proches.<\/p>\n\n\n\n<ul class=\"wp-block-list\">\n<li>Capacit\u00e9 : 2 \u00e0 3 personne (id\u00e9al pour un couple, ou un couple avec un enfant\/un ami)<\/li>\n\n\n\n<li>Superficie : 55 m\u00b2<\/li>\n\n\n\n<li>Couchages : 1 chambre avec 1 lit double 140&#215;200 cm et 1 lit simple 90&#215;190 cm<\/li>\n\n\n\n<li>Atouts : Coin salon cosy, vue imprenable sur le domaine, terrasse priv\u00e9e avec plancha<\/li>\n<\/ul>\n\n\n\n<p>Equipements sp\u00e9cifiques<\/p>\n\n\n\n<ul class=\"wp-block-list\">\n<li>Cuisine ouverte et fonctionnelle<\/li>\n\n\n\n<li>Lave-linge priv\u00e9<\/li>\n\n\n\n<li>Terrasse priv\u00e9e<\/li>\n<\/ul>\n\n\n\n<div class=\"wp-block-columns is-layout-flex wp-container-core-columns-is-layout-28f84493 wp-block-columns-is-layout-flex\">\n<div class=\"wp-block-column is-layout-flow wp-block-column-is-layout-flow\">\n<figure class=\"wp-block-image size-full\"><img loading=\"lazy\" decoding=\"async\" width=\"447\" height=\"425\" src=\"https:\/\/lesgitesdelamourebasse.fr\/wp-content\/uploads\/2025\/11\/Capture-decran-2025-09-20-123015.png\" alt=\"\" class=\"wp-image-509\" style=\"aspect-ratio:3\/4;object-fit:cover\"\/><\/figure>\n<\/div>\n\n\n\n<div class=\"wp-block-column is-layout-flow wp-block-column-is-layout-flow\">\n<figure class=\"wp-block-image size-full\"><img loading=\"lazy\" decoding=\"async\" width=\"541\" height=\"802\" src=\"https:\/\/lesgitesdelamourebasse.fr\/wp-content\/uploads\/2025\/11\/Capture-decran-2025-09-16-202038.png\" alt=\"\" class=\"wp-image-510\" style=\"aspect-ratio:3\/4;object-fit:cover\" srcset=\"https:\/\/lesgitesdelamourebasse.fr\/wp-content\/uploads\/2025\/11\/Capture-decran-2025-09-16-202038.png 541w, https:\/\/lesgitesdelamourebasse.fr\/wp-content\/uploads\/2025\/11\/Capture-decran-2025-09-16-202038-202x300.png 202w\" sizes=\"auto, (max-width: 541px) 100vw, 541px\" \/><\/figure>\n<\/div>\n\n\n\n<div class=\"wp-block-column is-layout-flow wp-block-column-is-layout-flow\">\n<figure class=\"wp-block-image size-full\"><img loading=\"lazy\" decoding=\"async\" width=\"489\" height=\"735\" src=\"https:\/\/lesgitesdelamourebasse.fr\/wp-content\/uploads\/2025\/11\/Capture-decran-2025-09-20-122608.png\" alt=\"\" class=\"wp-image-511\" style=\"aspect-ratio:3\/4;object-fit:cover\" srcset=\"https:\/\/lesgitesdelamourebasse.fr\/wp-content\/uploads\/2025\/11\/Capture-decran-2025-09-20-122608.png 489w, https:\/\/lesgitesdelamourebasse.fr\/wp-content\/uploads\/2025\/11\/Capture-decran-2025-09-20-122608-200x300.png 200w\" sizes=\"auto, (max-width: 489px) 100vw, 489px\" \/><\/figure>\n<\/div>\n<\/div>\n\n\n\n<div class=\"wp-block-buttons is-content-justification-center is-layout-flex wp-container-core-buttons-is-layout-a89b3969 wp-block-buttons-is-layout-flex\">\n<div class=\"wp-block-button\"><a class=\"wp-block-button__link wp-element-button\" href=\"https:\/\/lesgitesdelamourebasse.fr\/index.php\/accommodation\/gite-iris\/\"><mark style=\"background-color:rgba(0, 0, 0, 0);color:#d2bd9f\" class=\"has-inline-color\">Je r\u00e9serve le g\u00eete Iris pour mon escapade \u00e0 deux<\/mark><\/a><\/div>\n<\/div>\n\n\n\n<div style=\"height:100px\" aria-hidden=\"true\" class=\"wp-block-spacer\"><\/div>\n\n\n\n<h2 class=\"wp-block-heading has-large-font-size\"><mark style=\"background-color:#4f602c;color:#d2bd9f\" class=\"has-inline-color\">Le g\u00eete Lila : l&rsquo;espace et le charme pour les familles<\/mark><\/h2>\n\n\n\n<p>Lila est le g\u00eete parfait pour accueillir une famille ou un groupe d&rsquo;amis jusqu&rsquo;\u00e0 5 personnes. Il incarne l&rsquo;esprit d&rsquo;une v\u00e9ritable maison de campagne familiale, o\u00f9 l&rsquo;on se retrouve autour de grandes tabl\u00e9es et o\u00f9 l&rsquo;on cr\u00e9e des souvenirs. Son style chaleureux met en valeur les mat\u00e9riaux naturels et les espaces pens\u00e9s pour le partage. L&rsquo;am\u00e9nagement ing\u00e9nieux, notamment sa chambre \u00ab\u00a0dortoir\u00a0\u00bb conviviale, en fait un lieu id\u00e9al pour les s\u00e9jours interg\u00e9n\u00e9rationnels ou les vacances entre amis.<\/p>\n\n\n\n<ul class=\"wp-block-list\">\n<li>Capacit\u00e9 : 5 personnes (id\u00e9al pour une famille ou un petit groupe d&rsquo;amis)<\/li>\n\n\n\n<li>Superficie : 70 m\u00b2<\/li>\n\n\n\n<li>Couchages 2 chambres :\n<ul class=\"wp-block-list\">\n<li>Chambre 1 : lit double 140&#215;200 cm<\/li>\n\n\n\n<li>Chambre 2 (dortoir) : trois lits simples 90&#215;190 cm (parfait pour les enfants ou les amis)<\/li>\n<\/ul>\n<\/li>\n\n\n\n<li>Atouts : grande pi\u00e8ce de vie lumineuse de style rustique-chic, convivialit\u00e9 dans la chambre dortoir, terrasse priv\u00e9e avec plancha et mobilier de jardin pour 5<\/li>\n<\/ul>\n\n\n\n<p>Equipements sp\u00e9cifiques<\/p>\n\n\n\n<ul class=\"wp-block-list\">\n<li>Cuisine enti\u00e8rement \u00e9quip\u00e9e avec table pour 5<\/li>\n\n\n\n<li>Lave-linge et mat\u00e9riel pour b\u00e9b\u00e9 sur demande<\/li>\n\n\n\n<li>Terrasse priv\u00e9e offrant une vue imprenable sur la campagne<\/li>\n<\/ul>\n\n\n\n<div class=\"wp-block-columns is-layout-flex wp-container-core-columns-is-layout-28f84493 wp-block-columns-is-layout-flex\">\n<div class=\"wp-block-column is-layout-flow wp-block-column-is-layout-flow\">\n<figure class=\"wp-block-image size-full\"><img loading=\"lazy\" decoding=\"async\" width=\"627\" height=\"787\" src=\"https:\/\/lesgitesdelamourebasse.fr\/wp-content\/uploads\/2025\/11\/Capture-decran-2025-09-16-194646.png\" alt=\"\" class=\"wp-image-512\" srcset=\"https:\/\/lesgitesdelamourebasse.fr\/wp-content\/uploads\/2025\/11\/Capture-decran-2025-09-16-194646.png 627w, https:\/\/lesgitesdelamourebasse.fr\/wp-content\/uploads\/2025\/11\/Capture-decran-2025-09-16-194646-600x753.png 600w, https:\/\/lesgitesdelamourebasse.fr\/wp-content\/uploads\/2025\/11\/Capture-decran-2025-09-16-194646-239x300.png 239w\" sizes=\"auto, (max-width: 627px) 100vw, 627px\" \/><\/figure>\n<\/div>\n\n\n\n<div class=\"wp-block-column is-layout-flow wp-block-column-is-layout-flow\">\n<figure class=\"wp-block-image size-full\"><img loading=\"lazy\" decoding=\"async\" width=\"604\" height=\"817\" src=\"https:\/\/lesgitesdelamourebasse.fr\/wp-content\/uploads\/2025\/11\/Capture-decran-2025-09-16-185052.png\" alt=\"\" class=\"wp-image-513\" srcset=\"https:\/\/lesgitesdelamourebasse.fr\/wp-content\/uploads\/2025\/11\/Capture-decran-2025-09-16-185052.png 604w, https:\/\/lesgitesdelamourebasse.fr\/wp-content\/uploads\/2025\/11\/Capture-decran-2025-09-16-185052-600x812.png 600w\" sizes=\"auto, (max-width: 604px) 100vw, 604px\" \/><\/figure>\n<\/div>\n\n\n\n<div class=\"wp-block-column is-layout-flow wp-block-column-is-layout-flow\">\n<figure class=\"wp-block-image size-large\"><img loading=\"lazy\" decoding=\"async\" width=\"771\" height=\"1024\" src=\"https:\/\/lesgitesdelamourebasse.fr\/wp-content\/uploads\/2025\/11\/ab77fcd51b9fd04bbd910c123033d1c2-771x1024.jpg\" alt=\"\" class=\"wp-image-514\" srcset=\"https:\/\/lesgitesdelamourebasse.fr\/wp-content\/uploads\/2025\/11\/ab77fcd51b9fd04bbd910c123033d1c2-771x1024.jpg 771w, https:\/\/lesgitesdelamourebasse.fr\/wp-content\/uploads\/2025\/11\/ab77fcd51b9fd04bbd910c123033d1c2-600x797.jpg 600w, https:\/\/lesgitesdelamourebasse.fr\/wp-content\/uploads\/2025\/11\/ab77fcd51b9fd04bbd910c123033d1c2-226x300.jpg 226w, https:\/\/lesgitesdelamourebasse.fr\/wp-content\/uploads\/2025\/11\/ab77fcd51b9fd04bbd910c123033d1c2-768x1020.jpg 768w, https:\/\/lesgitesdelamourebasse.fr\/wp-content\/uploads\/2025\/11\/ab77fcd51b9fd04bbd910c123033d1c2-1157x1536.jpg 1157w, https:\/\/lesgitesdelamourebasse.fr\/wp-content\/uploads\/2025\/11\/ab77fcd51b9fd04bbd910c123033d1c2.jpg 1199w\" sizes=\"auto, (max-width: 771px) 100vw, 771px\" \/><\/figure>\n<\/div>\n<\/div>\n\n\n\n<div class=\"wp-block-buttons is-content-justification-center is-layout-flex wp-container-core-buttons-is-layout-a89b3969 wp-block-buttons-is-layout-flex\">\n<div class=\"wp-block-button\"><a class=\"wp-block-button__link wp-element-button\" href=\"https:\/\/lesgitesdelamourebasse.fr\/index.php\/accommodation\/gite-lila\/\"><mark style=\"background-color:rgba(0, 0, 0, 0);color:#d2bd9f\" class=\"has-inline-color\">Je r\u00e9serve le g\u00eete Lila pour des vacances en famille<\/mark><\/a><\/div>\n<\/div>\n\n\n\n<div style=\"height:100px\" aria-hidden=\"true\" class=\"wp-block-spacer\"><\/div>\n\n\n\n<p>Les photos pr\u00e9sent\u00e9es sont des images d&rsquo;ambiance, refl\u00e9tant l&rsquo;esprit des lieux avant leur ouverture officielle.<\/p>\n\n\n\n<div style=\"height:100px\" aria-hidden=\"true\" class=\"wp-block-spacer\"><\/div>\n\n\n\n<p><\/p>\n","protected":false},"excerpt":{"rendered":"<p>Nos g\u00eetes : Votre cocon de charme en Occitanie Bienvenue dans nos trois g\u00eetes de caract\u00e8re. R\u00e9nov\u00e9s avec soin, m\u00ealant l&rsquo;\u00e2me des vieilles pierres aux lignes \u00e9pur\u00e9es et au confort [&hellip;]<\/p>\n","protected":false},"author":1,"featured_media":0,"parent":0,"menu_order":0,"comment_status":"closed","ping_status":"closed","template":"","meta":{"zakra_page_container_layout":"customizer","zakra_page_sidebar_layout":"customizer","zakra_remove_content_margin":false,"zakra_sidebar":"customizer","zakra_transparent_header":"customizer","zakra_logo":0,"zakra_main_header_style":"default","zakra_menu_item_color":"","zakra_menu_item_hover_color":"","zakra_menu_item_active_color":"","zakra_menu_active_style":"","zakra_page_header":true,"_price":"","_stock":"","_tribe_ticket_header":"","_tribe_default_ticket_provider":"","_tribe_ticket_capacity":"0","_ticket_start_date":"","_ticket_end_date":"","_tribe_ticket_show_description":"","_tribe_ticket_show_not_going":false,"_tribe_ticket_use_global_stock":"","_tribe_ticket_global_stock_level":"","_global_stock_mode":"","_global_stock_cap":"","_tribe_rsvp_for_event":"","_tribe_ticket_going_count":"","_tribe_ticket_not_going_count":"","_tribe_tickets_list":"[]","_tribe_ticket_has_attendee_info_fields":false,"footnotes":"","_tec_slr_enabled":"","_tec_slr_layout":""},"class_list":["post-23","page","type-page","status-publish","hentry"],"yoast_head":"<!-- This site is optimized with the Yoast SEO plugin v27.3 - https:\/\/yoast.com\/product\/yoast-seo-wordpress\/ -->\n<title>Nos g\u00eetes -<\/title>\n<meta name=\"description\" content=\"R\u00e9servez nos 3 g\u00eetes dans le Quercy (2 \u00e0 3\/5 pers) avec piscine partag\u00e9e et parking priv\u00e9. Confort moderne et tarifs \u00e0 la semaine. Voir disponibilit\u00e9s !\" \/>\n<meta name=\"robots\" content=\"index, follow, max-snippet:-1, max-image-preview:large, max-video-preview:-1\" \/>\n<link rel=\"canonical\" href=\"https:\/\/lesgitesdelamourebasse.fr\/index.php\/les-gites\/\" \/>\n<meta property=\"og:locale\" content=\"fr_FR\" \/>\n<meta property=\"og:type\" content=\"article\" \/>\n<meta property=\"og:title\" content=\"Nos g\u00eetes -\" \/>\n<meta property=\"og:description\" content=\"R\u00e9servez nos 3 g\u00eetes dans le Quercy (2 \u00e0 3\/5 pers) avec piscine partag\u00e9e et parking priv\u00e9. Confort moderne et tarifs \u00e0 la semaine. Voir disponibilit\u00e9s !\" \/>\n<meta property=\"og:url\" content=\"https:\/\/lesgitesdelamourebasse.fr\/index.php\/les-gites\/\" \/>\n<meta property=\"article:modified_time\" content=\"2025-11-25T19:42:34+00:00\" \/>\n<meta property=\"og:image\" content=\"https:\/\/lesgitesdelamourebasse.fr\/wp-content\/uploads\/2025\/11\/4842cde8-e4ca-4cfc-8615-fc49fb9e4ddd-683x1024.png\" \/>\n\t<meta property=\"og:image:width\" content=\"683\" \/>\n\t<meta property=\"og:image:height\" content=\"1024\" \/>\n\t<meta property=\"og:image:type\" content=\"image\/png\" \/>\n<meta name=\"twitter:card\" content=\"summary_large_image\" \/>\n<meta name=\"twitter:label1\" content=\"Dur\u00e9e de lecture estim\u00e9e\" \/>\n\t<meta name=\"twitter:data1\" content=\"5 minutes\" \/>\n<script type=\"application\/ld+json\" class=\"yoast-schema-graph\">{\"@context\":\"https:\\\/\\\/schema.org\",\"@graph\":[{\"@type\":\"WebPage\",\"@id\":\"https:\\\/\\\/lesgitesdelamourebasse.fr\\\/index.php\\\/les-gites\\\/\",\"url\":\"https:\\\/\\\/lesgitesdelamourebasse.fr\\\/index.php\\\/les-gites\\\/\",\"name\":\"Nos g\u00eetes -\",\"isPartOf\":{\"@id\":\"https:\\\/\\\/lesgitesdelamourebasse.fr\\\/#website\"},\"primaryImageOfPage\":{\"@id\":\"https:\\\/\\\/lesgitesdelamourebasse.fr\\\/index.php\\\/les-gites\\\/#primaryimage\"},\"image\":{\"@id\":\"https:\\\/\\\/lesgitesdelamourebasse.fr\\\/index.php\\\/les-gites\\\/#primaryimage\"},\"thumbnailUrl\":\"https:\\\/\\\/lesgitesdelamourebasse.fr\\\/wp-content\\\/uploads\\\/2025\\\/11\\\/4842cde8-e4ca-4cfc-8615-fc49fb9e4ddd.png\",\"datePublished\":\"2025-09-25T17:08:06+00:00\",\"dateModified\":\"2025-11-25T19:42:34+00:00\",\"description\":\"R\u00e9servez nos 3 g\u00eetes dans le Quercy (2 \u00e0 3\\\/5 pers) avec piscine partag\u00e9e et parking priv\u00e9. Confort moderne et tarifs \u00e0 la semaine. Voir disponibilit\u00e9s !\",\"breadcrumb\":{\"@id\":\"https:\\\/\\\/lesgitesdelamourebasse.fr\\\/index.php\\\/les-gites\\\/#breadcrumb\"},\"inLanguage\":\"fr-FR\",\"potentialAction\":[{\"@type\":\"ReadAction\",\"target\":[\"https:\\\/\\\/lesgitesdelamourebasse.fr\\\/index.php\\\/les-gites\\\/\"]}]},{\"@type\":\"ImageObject\",\"inLanguage\":\"fr-FR\",\"@id\":\"https:\\\/\\\/lesgitesdelamourebasse.fr\\\/index.php\\\/les-gites\\\/#primaryimage\",\"url\":\"https:\\\/\\\/lesgitesdelamourebasse.fr\\\/wp-content\\\/uploads\\\/2025\\\/11\\\/4842cde8-e4ca-4cfc-8615-fc49fb9e4ddd.png\",\"contentUrl\":\"https:\\\/\\\/lesgitesdelamourebasse.fr\\\/wp-content\\\/uploads\\\/2025\\\/11\\\/4842cde8-e4ca-4cfc-8615-fc49fb9e4ddd.png\",\"width\":1024,\"height\":1536},{\"@type\":\"BreadcrumbList\",\"@id\":\"https:\\\/\\\/lesgitesdelamourebasse.fr\\\/index.php\\\/les-gites\\\/#breadcrumb\",\"itemListElement\":[{\"@type\":\"ListItem\",\"position\":1,\"name\":\"Accueil\",\"item\":\"https:\\\/\\\/lesgitesdelamourebasse.fr\\\/\"},{\"@type\":\"ListItem\",\"position\":2,\"name\":\"Nos g\u00eetes\"}]},{\"@type\":\"WebSite\",\"@id\":\"https:\\\/\\\/lesgitesdelamourebasse.fr\\\/#website\",\"url\":\"https:\\\/\\\/lesgitesdelamourebasse.fr\\\/\",\"name\":\"\",\"description\":\"\",\"potentialAction\":[{\"@type\":\"SearchAction\",\"target\":{\"@type\":\"EntryPoint\",\"urlTemplate\":\"https:\\\/\\\/lesgitesdelamourebasse.fr\\\/?s={search_term_string}\"},\"query-input\":{\"@type\":\"PropertyValueSpecification\",\"valueRequired\":true,\"valueName\":\"search_term_string\"}}],\"inLanguage\":\"fr-FR\"}]}<\/script>\n<!-- \/ Yoast SEO plugin. -->","yoast_head_json":{"title":"Nos g\u00eetes -","description":"R\u00e9servez nos 3 g\u00eetes dans le Quercy (2 \u00e0 3\/5 pers) avec piscine partag\u00e9e et parking priv\u00e9. Confort moderne et tarifs \u00e0 la semaine. Voir disponibilit\u00e9s !","robots":{"index":"index","follow":"follow","max-snippet":"max-snippet:-1","max-image-preview":"max-image-preview:large","max-video-preview":"max-video-preview:-1"},"canonical":"https:\/\/lesgitesdelamourebasse.fr\/index.php\/les-gites\/","og_locale":"fr_FR","og_type":"article","og_title":"Nos g\u00eetes -","og_description":"R\u00e9servez nos 3 g\u00eetes dans le Quercy (2 \u00e0 3\/5 pers) avec piscine partag\u00e9e et parking priv\u00e9. Confort moderne et tarifs \u00e0 la semaine. Voir disponibilit\u00e9s !","og_url":"https:\/\/lesgitesdelamourebasse.fr\/index.php\/les-gites\/","article_modified_time":"2025-11-25T19:42:34+00:00","og_image":[{"width":683,"height":1024,"url":"https:\/\/lesgitesdelamourebasse.fr\/wp-content\/uploads\/2025\/11\/4842cde8-e4ca-4cfc-8615-fc49fb9e4ddd-683x1024.png","type":"image\/png"}],"twitter_card":"summary_large_image","twitter_misc":{"Dur\u00e9e de lecture estim\u00e9e":"5 minutes"},"schema":{"@context":"https:\/\/schema.org","@graph":[{"@type":"WebPage","@id":"https:\/\/lesgitesdelamourebasse.fr\/index.php\/les-gites\/","url":"https:\/\/lesgitesdelamourebasse.fr\/index.php\/les-gites\/","name":"Nos g\u00eetes -","isPartOf":{"@id":"https:\/\/lesgitesdelamourebasse.fr\/#website"},"primaryImageOfPage":{"@id":"https:\/\/lesgitesdelamourebasse.fr\/index.php\/les-gites\/#primaryimage"},"image":{"@id":"https:\/\/lesgitesdelamourebasse.fr\/index.php\/les-gites\/#primaryimage"},"thumbnailUrl":"https:\/\/lesgitesdelamourebasse.fr\/wp-content\/uploads\/2025\/11\/4842cde8-e4ca-4cfc-8615-fc49fb9e4ddd.png","datePublished":"2025-09-25T17:08:06+00:00","dateModified":"2025-11-25T19:42:34+00:00","description":"R\u00e9servez nos 3 g\u00eetes dans le Quercy (2 \u00e0 3\/5 pers) avec piscine partag\u00e9e et parking priv\u00e9. Confort moderne et tarifs \u00e0 la semaine. Voir disponibilit\u00e9s !","breadcrumb":{"@id":"https:\/\/lesgitesdelamourebasse.fr\/index.php\/les-gites\/#breadcrumb"},"inLanguage":"fr-FR","potentialAction":[{"@type":"ReadAction","target":["https:\/\/lesgitesdelamourebasse.fr\/index.php\/les-gites\/"]}]},{"@type":"ImageObject","inLanguage":"fr-FR","@id":"https:\/\/lesgitesdelamourebasse.fr\/index.php\/les-gites\/#primaryimage","url":"https:\/\/lesgitesdelamourebasse.fr\/wp-content\/uploads\/2025\/11\/4842cde8-e4ca-4cfc-8615-fc49fb9e4ddd.png","contentUrl":"https:\/\/lesgitesdelamourebasse.fr\/wp-content\/uploads\/2025\/11\/4842cde8-e4ca-4cfc-8615-fc49fb9e4ddd.png","width":1024,"height":1536},{"@type":"BreadcrumbList","@id":"https:\/\/lesgitesdelamourebasse.fr\/index.php\/les-gites\/#breadcrumb","itemListElement":[{"@type":"ListItem","position":1,"name":"Accueil","item":"https:\/\/lesgitesdelamourebasse.fr\/"},{"@type":"ListItem","position":2,"name":"Nos g\u00eetes"}]},{"@type":"WebSite","@id":"https:\/\/lesgitesdelamourebasse.fr\/#website","url":"https:\/\/lesgitesdelamourebasse.fr\/","name":"","description":"","potentialAction":[{"@type":"SearchAction","target":{"@type":"EntryPoint","urlTemplate":"https:\/\/lesgitesdelamourebasse.fr\/?s={search_term_string}"},"query-input":{"@type":"PropertyValueSpecification","valueRequired":true,"valueName":"search_term_string"}}],"inLanguage":"fr-FR"}]}},"jetpack_sharing_enabled":true,"ticketed":false,"_links":{"self":[{"href":"https:\/\/lesgitesdelamourebasse.fr\/index.php\/wp-json\/wp\/v2\/pages\/23","targetHints":{"allow":["GET"]}}],"collection":[{"href":"https:\/\/lesgitesdelamourebasse.fr\/index.php\/wp-json\/wp\/v2\/pages"}],"about":[{"href":"https:\/\/lesgitesdelamourebasse.fr\/index.php\/wp-json\/wp\/v2\/types\/page"}],"author":[{"embeddable":true,"href":"https:\/\/lesgitesdelamourebasse.fr\/index.php\/wp-json\/wp\/v2\/users\/1"}],"replies":[{"embeddable":true,"href":"https:\/\/lesgitesdelamourebasse.fr\/index.php\/wp-json\/wp\/v2\/comments?post=23"}],"version-history":[{"count":9,"href":"https:\/\/lesgitesdelamourebasse.fr\/index.php\/wp-json\/wp\/v2\/pages\/23\/revisions"}],"predecessor-version":[{"id":518,"href":"https:\/\/lesgitesdelamourebasse.fr\/index.php\/wp-json\/wp\/v2\/pages\/23\/revisions\/518"}],"wp:attachment":[{"href":"https:\/\/lesgitesdelamourebasse.fr\/index.php\/wp-json\/wp\/v2\/media?parent=23"}],"curies":[{"name":"wp","href":"https:\/\/api.w.org\/{rel}","templated":true}]}}