{"id":21,"date":"2025-09-25T19:06:15","date_gmt":"2025-09-25T17:06:15","guid":{"rendered":"https:\/\/lesgitesdelamourebasse.fr\/?page_id=21"},"modified":"2025-11-25T21:47:44","modified_gmt":"2025-11-25T20:47:44","slug":"accueil","status":"publish","type":"page","link":"https:\/\/lesgitesdelamourebasse.fr\/","title":{"rendered":"Accueil"},"content":{"rendered":"\n\n\n\n<p><\/p>\n\n\n\n<h1 class=\"wp-block-heading has-text-align-center has-background has-x-large-font-size\" style=\"border-style:none;border-width:0px;background-color:#4f602c\"><mark style=\"background-color: rgba(0, 0, 0, 0);\" class=\"has-inline-color\"><em style=\"color: rgb(210, 189, 159);\">La Moure Basse : L&rsquo;\u00e9vasion de charme pour vos s\u00e9jours et \u00e9v\u00e9nements priv\u00e9s<\/em><\/mark><\/h1>\n\n\n\n<figure class=\"wp-block-image size-large\"><img loading=\"lazy\" decoding=\"async\" width=\"1024\" height=\"341\" src=\"https:\/\/lesgitesdelamourebasse.fr\/wp-content\/uploads\/2025\/10\/Des-moments-a-feter-a-aimer-a-cherir.-5-1024x341.png\" alt=\"\" class=\"wp-image-348\" srcset=\"https:\/\/lesgitesdelamourebasse.fr\/wp-content\/uploads\/2025\/10\/Des-moments-a-feter-a-aimer-a-cherir.-5-1024x341.png 1024w, https:\/\/lesgitesdelamourebasse.fr\/wp-content\/uploads\/2025\/10\/Des-moments-a-feter-a-aimer-a-cherir.-5-600x200.png 600w, https:\/\/lesgitesdelamourebasse.fr\/wp-content\/uploads\/2025\/10\/Des-moments-a-feter-a-aimer-a-cherir.-5-300x100.png 300w, https:\/\/lesgitesdelamourebasse.fr\/wp-content\/uploads\/2025\/10\/Des-moments-a-feter-a-aimer-a-cherir.-5-768x256.png 768w, https:\/\/lesgitesdelamourebasse.fr\/wp-content\/uploads\/2025\/10\/Des-moments-a-feter-a-aimer-a-cherir.-5.png 1200w\" sizes=\"auto, (max-width: 1024px) 100vw, 1024px\" \/><\/figure>\n\n\n\n<p class=\"has-text-align-center\">Loin de l&rsquo;agitation, venez vivre une parenth\u00e8se unique au c\u0153ur du Quercy.<\/p>\n\n\n\n<div class=\"wp-block-buttons is-content-justification-center is-layout-flex wp-container-core-buttons-is-layout-a89b3969 wp-block-buttons-is-layout-flex\">\n<div class=\"wp-block-button\"><a class=\"wp-block-button__link wp-element-button\" href=\"https:\/\/lesgitesdelamourebasse.fr\/index.php\/les-gites\/\"><mark style=\"background-color:rgba(0, 0, 0, 0);color:#d2bd9f\" class=\"has-inline-color\">R\u00e9server mon s\u00e9jour<\/mark><\/a><\/div>\n<\/div>\n\n\n\n<div style=\"height:100px\" aria-hidden=\"true\" class=\"wp-block-spacer\"><\/div>\n\n\n\n<h2 class=\"wp-block-heading has-text-align-left has-background has-large-font-size\" style=\"background-color:#4f602c\"><mark style=\"background-color:#4f602c;color:#d2bd9f\" class=\"has-inline-color\">Nos g\u00eetes de caract\u00e8re : Lila, Iris et Lavande<\/mark><\/h2>\n\n\n\n<p class=\"has-text-align-left\">Amoureux des belles pierres et du confort contemporain, nous avons r\u00e9nov\u00e9 nos trois g\u00eetes pour vous offrir une exp\u00e9rience d&rsquo;h\u00e9bergement unique. Que vous veniez en couple, en famille ou entre amis, chaque g\u00eete est un cocon priv\u00e9, alliant l&rsquo;authenticit\u00e9 r\u00e9gionale \u00e0 des \u00e9quipements haut de gamme. Laissez-vous s\u00e9duire par l&rsquo;atmosph\u00e8re chaleureuse de Lila, Iris ou Lavande.<\/p>\n\n\n\n<div class=\"wp-block-columns is-layout-flex wp-container-core-columns-is-layout-28f84493 wp-block-columns-is-layout-flex\">\n<div class=\"wp-block-column is-layout-flow wp-block-column-is-layout-flow\">\n<figure class=\"wp-block-image size-full\"><img loading=\"lazy\" decoding=\"async\" width=\"441\" height=\"792\" src=\"https:\/\/lesgitesdelamourebasse.fr\/wp-content\/uploads\/2025\/09\/Capture-decran-2025-09-16-200252.png\" alt=\"\" class=\"wp-image-53\" style=\"aspect-ratio:3\/4;object-fit:cover\" srcset=\"https:\/\/lesgitesdelamourebasse.fr\/wp-content\/uploads\/2025\/09\/Capture-decran-2025-09-16-200252.png 441w, https:\/\/lesgitesdelamourebasse.fr\/wp-content\/uploads\/2025\/09\/Capture-decran-2025-09-16-200252-167x300.png 167w\" sizes=\"auto, (max-width: 441px) 100vw, 441px\" \/><\/figure>\n<\/div>\n\n\n\n<div class=\"wp-block-column is-layout-flow wp-block-column-is-layout-flow\">\n<figure class=\"wp-block-image size-full\"><img loading=\"lazy\" decoding=\"async\" width=\"561\" height=\"754\" src=\"https:\/\/lesgitesdelamourebasse.fr\/wp-content\/uploads\/2025\/09\/Capture-decran-2025-09-20-124824.png\" alt=\"\" class=\"wp-image-52\" style=\"aspect-ratio:3\/4;object-fit:cover\" srcset=\"https:\/\/lesgitesdelamourebasse.fr\/wp-content\/uploads\/2025\/09\/Capture-decran-2025-09-20-124824.png 561w, https:\/\/lesgitesdelamourebasse.fr\/wp-content\/uploads\/2025\/09\/Capture-decran-2025-09-20-124824-223x300.png 223w\" sizes=\"auto, (max-width: 561px) 100vw, 561px\" \/><\/figure>\n<\/div>\n\n\n\n<div class=\"wp-block-column is-layout-flow wp-block-column-is-layout-flow\">\n<figure class=\"wp-block-image size-full\"><img loading=\"lazy\" decoding=\"async\" width=\"624\" height=\"775\" src=\"https:\/\/lesgitesdelamourebasse.fr\/wp-content\/uploads\/2025\/09\/Capture-decran-2025-09-16-203759.png\" alt=\"\" class=\"wp-image-51\" style=\"aspect-ratio:3\/4;object-fit:cover\" srcset=\"https:\/\/lesgitesdelamourebasse.fr\/wp-content\/uploads\/2025\/09\/Capture-decran-2025-09-16-203759.png 624w, https:\/\/lesgitesdelamourebasse.fr\/wp-content\/uploads\/2025\/09\/Capture-decran-2025-09-16-203759-600x745.png 600w, https:\/\/lesgitesdelamourebasse.fr\/wp-content\/uploads\/2025\/09\/Capture-decran-2025-09-16-203759-242x300.png 242w\" sizes=\"auto, (max-width: 624px) 100vw, 624px\" \/><\/figure>\n<\/div>\n<\/div>\n\n\n\n<div class=\"wp-block-buttons is-content-justification-center is-layout-flex wp-container-core-buttons-is-layout-a89b3969 wp-block-buttons-is-layout-flex\">\n<div class=\"wp-block-button\"><a class=\"wp-block-button__link wp-element-button\" href=\"https:\/\/lesgitesdelamourebasse.fr\/index.php\/les-gites\/\"><mark style=\"background-color:rgba(0, 0, 0, 0);color:#d2bd9f\" class=\"has-inline-color\">Visite de nos g\u00eetes<\/mark><\/a><\/div>\n<\/div>\n\n\n\n<div style=\"height:100px\" aria-hidden=\"true\" class=\"wp-block-spacer\"><\/div>\n\n\n\n<h2 class=\"wp-block-heading has-text-align-center has-background has-large-font-size\" style=\"background-color:#4f602c\"><mark style=\"background-color:rgba(0, 0, 0, 0);color:#d2bd9f\" class=\"has-inline-color\">Plus qu&rsquo;un s\u00e9jour, une exp\u00e9rience                                         Retraites et domaine<\/mark><\/h2>\n\n\n\n<h3 class=\"wp-block-heading has-large-font-size\"><mark style=\"background-color:#4f602c;color:#d2bd9f\" class=\"has-inline-color\">Le domaine : Votre espace de s\u00e9r\u00e9nit\u00e9 en pleine nature<\/mark><\/h3>\n\n\n\n<figure class=\"wp-block-image size-large\"><img loading=\"lazy\" decoding=\"async\" width=\"1024\" height=\"341\" src=\"https:\/\/lesgitesdelamourebasse.fr\/wp-content\/uploads\/2025\/10\/10-1-1024x341.png\" alt=\"\" class=\"wp-image-328\" srcset=\"https:\/\/lesgitesdelamourebasse.fr\/wp-content\/uploads\/2025\/10\/10-1-1024x341.png 1024w, https:\/\/lesgitesdelamourebasse.fr\/wp-content\/uploads\/2025\/10\/10-1-600x200.png 600w, https:\/\/lesgitesdelamourebasse.fr\/wp-content\/uploads\/2025\/10\/10-1-300x100.png 300w, https:\/\/lesgitesdelamourebasse.fr\/wp-content\/uploads\/2025\/10\/10-1-768x256.png 768w, https:\/\/lesgitesdelamourebasse.fr\/wp-content\/uploads\/2025\/10\/10-1.png 1200w\" sizes=\"auto, (max-width: 1024px) 100vw, 1024px\" \/><\/figure>\n\n\n\n<p>S&rsquo;\u00e9tendant sur 17 hectares de verdure, notre domaine est une invitation \u00e0 la d\u00e9connexion. Profitez de la tranquillit\u00e9 de notre parc arbor\u00e9, de la piscine ensoleill\u00e9e, et des vues imprenables sur la campagne. C&rsquo;est l&rsquo;endroit parfait pour se ressourcer, loin de l&rsquo;agitation du quotidien.<\/p>\n\n\n\n<div class=\"wp-block-buttons is-content-justification-center is-layout-flex wp-container-core-buttons-is-layout-a89b3969 wp-block-buttons-is-layout-flex\">\n<div class=\"wp-block-button\"><a class=\"wp-block-button__link wp-element-button\" href=\"https:\/\/lesgitesdelamourebasse.fr\/index.php\/domaine-la-moure-basse\/\"><mark style=\"background-color:rgba(0, 0, 0, 0);color:#d2bd9f\" class=\"has-inline-color\">D\u00e9couvrir le domaine<\/mark><\/a><\/div>\n<\/div>\n\n\n\n<div style=\"height:100px\" aria-hidden=\"true\" class=\"wp-block-spacer\"><\/div>\n\n\n\n<h3 class=\"wp-block-heading has-large-font-size\"><mark style=\"background-color:#4f602c;color:#d2bd9f\" class=\"has-inline-color\">Inspirez-vous lors de nos retraites th\u00e9matiques<\/mark><\/h3>\n\n\n\n<figure class=\"wp-block-image size-large\"><img loading=\"lazy\" decoding=\"async\" width=\"1024\" height=\"341\" src=\"https:\/\/lesgitesdelamourebasse.fr\/wp-content\/uploads\/2025\/10\/4-2-1024x341.png\" alt=\"\" class=\"wp-image-303\" srcset=\"https:\/\/lesgitesdelamourebasse.fr\/wp-content\/uploads\/2025\/10\/4-2-1024x341.png 1024w, https:\/\/lesgitesdelamourebasse.fr\/wp-content\/uploads\/2025\/10\/4-2-600x200.png 600w, https:\/\/lesgitesdelamourebasse.fr\/wp-content\/uploads\/2025\/10\/4-2-300x100.png 300w, https:\/\/lesgitesdelamourebasse.fr\/wp-content\/uploads\/2025\/10\/4-2-768x256.png 768w, https:\/\/lesgitesdelamourebasse.fr\/wp-content\/uploads\/2025\/10\/4-2.png 1200w\" sizes=\"auto, (max-width: 1024px) 100vw, 1024px\" \/><\/figure>\n\n\n\n<p>Que vous cherchiez \u00e0 stimuler votre esprit cr\u00e9atif, \u00e0 approfondir une r\u00e9flexion litt\u00e9raire, ou \u00e0 vous recentrer sur votre bien-\u00eatre, nos retraites exclusives sont con\u00e7us pour transformer votre s\u00e9jour. Rejoignez une communaut\u00e9 de passionn\u00e9s et repartez enrichi et apais\u00e9.<\/p>\n\n\n\n<div class=\"wp-block-buttons is-content-justification-center is-layout-flex wp-container-core-buttons-is-layout-a89b3969 wp-block-buttons-is-layout-flex\">\n<div class=\"wp-block-button\"><a class=\"wp-block-button__link wp-element-button\" href=\"https:\/\/lesgitesdelamourebasse.fr\/index.php\/nos-retraites\/\"><mark style=\"background-color:rgba(0, 0, 0, 0);color:#d2bd9f\" class=\"has-inline-color\">Explorez le programme des retraites<\/mark><\/a><\/div>\n<\/div>\n\n\n\n<div style=\"height:100px\" aria-hidden=\"true\" class=\"wp-block-spacer\"><\/div>\n\n\n\n<h2 class=\"wp-block-heading has-text-align-center has-background has-x-large-font-size\" style=\"background-color:#4f602c\"><mark style=\"background-color:rgba(0, 0, 0, 0);color:#d2bd9f\" class=\"has-inline-color\">Le cadre r\u00eav\u00e9 pour vos c\u00e9l\u00e9brations priv\u00e9es<\/mark><\/h2>\n\n\n\n<figure class=\"wp-block-image size-large\"><img loading=\"lazy\" decoding=\"async\" width=\"1024\" height=\"341\" src=\"https:\/\/lesgitesdelamourebasse.fr\/wp-content\/uploads\/2025\/10\/Des-moments-a-feter-a-aimer-a-cherir.-12-1024x341.png\" alt=\"\" class=\"wp-image-359\" srcset=\"https:\/\/lesgitesdelamourebasse.fr\/wp-content\/uploads\/2025\/10\/Des-moments-a-feter-a-aimer-a-cherir.-12-1024x341.png 1024w, https:\/\/lesgitesdelamourebasse.fr\/wp-content\/uploads\/2025\/10\/Des-moments-a-feter-a-aimer-a-cherir.-12-600x200.png 600w, https:\/\/lesgitesdelamourebasse.fr\/wp-content\/uploads\/2025\/10\/Des-moments-a-feter-a-aimer-a-cherir.-12-300x100.png 300w, https:\/\/lesgitesdelamourebasse.fr\/wp-content\/uploads\/2025\/10\/Des-moments-a-feter-a-aimer-a-cherir.-12-768x256.png 768w, https:\/\/lesgitesdelamourebasse.fr\/wp-content\/uploads\/2025\/10\/Des-moments-a-feter-a-aimer-a-cherir.-12.png 1200w\" sizes=\"auto, (max-width: 1024px) 100vw, 1024px\" \/><\/figure>\n\n\n\n<p>Du mariage intime \u00e0 la cousinade, notre domaine offre un lieu et l&rsquo;espace parfaits pour tous vos \u00e9v\u00e9nements marquants. Privatisez le lieu pour vos EVJF\/EVG m\u00e9morables, organisez une demande en mariage f\u00e9erique ou c\u00e9l\u00e9brez votre union en toute s\u00e9r\u00e9nit\u00e9. Nous vous accompagnons pour faire de votre f\u00eate un moment exceptionnel et sans stress\/<\/p>\n\n\n\n<blockquote class=\"wp-block-quote is-layout-flow wp-block-quote-is-layout-flow\">\n<p><mark style=\"background-color:#4f602c;color:#d2bd9f\" class=\"has-inline-color\">Mariages, fian\u00e7ailles, cousinades : Cr\u00e9ez vos plus beaux souvenirs ici<\/mark><\/p>\n<\/blockquote>\n\n\n\n<div class=\"wp-block-buttons is-content-justification-center is-layout-flex wp-container-core-buttons-is-layout-a89b3969 wp-block-buttons-is-layout-flex\">\n<div class=\"wp-block-button\"><a class=\"wp-block-button__link wp-element-button\" href=\"https:\/\/lesgitesdelamourebasse.fr\/index.php\/evenements-prives-votre-celebration-memorable-dans-le-quercy\/\"><mark style=\"background-color:rgba(0, 0, 0, 0);color:#d2bd9f\" class=\"has-inline-color\">Organiser mon \u00e9v\u00e9nement sur-mesure<\/mark><\/a><\/div>\n<\/div>\n\n\n\n<div style=\"height:100px\" aria-hidden=\"true\" class=\"wp-block-spacer\"><\/div>\n\n\n\n<h2 class=\"wp-block-heading has-text-align-center has-background has-x-large-font-size\" style=\"background-color:#4f602c\"><mark style=\"background-color:rgba(0, 0, 0, 0);color:#d2bd9f\" class=\"has-inline-color\">Notre histoire, nos valeurs : L&rsquo;art d&rsquo;accueillir<\/mark><\/h2>\n\n\n\n<figure class=\"wp-block-image size-large\"><img loading=\"lazy\" decoding=\"async\" width=\"1024\" height=\"341\" src=\"https:\/\/lesgitesdelamourebasse.fr\/wp-content\/uploads\/2025\/10\/11-1024x341.png\" alt=\"\" class=\"wp-image-329\" srcset=\"https:\/\/lesgitesdelamourebasse.fr\/wp-content\/uploads\/2025\/10\/11-1024x341.png 1024w, https:\/\/lesgitesdelamourebasse.fr\/wp-content\/uploads\/2025\/10\/11-600x200.png 600w, https:\/\/lesgitesdelamourebasse.fr\/wp-content\/uploads\/2025\/10\/11-300x100.png 300w, https:\/\/lesgitesdelamourebasse.fr\/wp-content\/uploads\/2025\/10\/11-768x256.png 768w, https:\/\/lesgitesdelamourebasse.fr\/wp-content\/uploads\/2025\/10\/11.png 1200w\" sizes=\"auto, (max-width: 1024px) 100vw, 1024px\" \/><\/figure>\n\n\n\n<p>En nous installant ici, nous avions un r\u00eave : partager un lieu o\u00f9 le respect de l&rsquo;environnement, l&rsquo;authenticit\u00e9 et la convivialit\u00e9 sont au c\u0153ur de tout. C&rsquo;est plus qu&rsquo;un m\u00e9tier, c&rsquo;est une passion. Nous vous ouvrons les portes de notre domaine pour que vous vous y sentiez comme chez vous, tout en profitant d&rsquo;un service attentif et discret.<br><br><br>En nous installant ici, nous avions un r\u00eave : partager un lieu o\u00f9 le respect de l&rsquo;environnement, l&rsquo;authenticit\u00e9 et la convivialit\u00e9 sont au c\u0153ur de tout. C&rsquo;est plus qu&rsquo;un m\u00e9tier, c&rsquo;est une passion. Nous vous ouvrons les portes de notre domaine pour que vous vous y sentiez comme chez vous, tout en profitant d&rsquo;un service attentif et discret.<\/p>\n\n\n\n<div class=\"wp-block-buttons is-content-justification-center is-layout-flex wp-container-core-buttons-is-layout-a89b3969 wp-block-buttons-is-layout-flex\">\n<div class=\"wp-block-button\"><a class=\"wp-block-button__link wp-element-button\" href=\"https:\/\/lesgitesdelamourebasse.fr\/index.php\/notre-histoire\/\"><mark style=\"background-color:rgba(0, 0, 0, 0);color:#d2bd9f\" class=\"has-inline-color\">Faire plus ample connaissance<\/mark><\/a><\/div>\n<\/div>\n\n\n\n<p><\/p>\n","protected":false},"excerpt":{"rendered":"<p>La Moure Basse : L&rsquo;\u00e9vasion de charme pour vos s\u00e9jours et \u00e9v\u00e9nements priv\u00e9s Loin de l&rsquo;agitation, venez vivre une parenth\u00e8se unique au c\u0153ur du Quercy. Nos g\u00eetes de caract\u00e8re : [&hellip;]<\/p>\n","protected":false},"author":1,"featured_media":0,"parent":0,"menu_order":0,"comment_status":"closed","ping_status":"closed","template":"","meta":{"zakra_page_container_layout":"customizer","zakra_page_sidebar_layout":"customizer","zakra_remove_content_margin":false,"zakra_sidebar":"customizer","zakra_transparent_header":"customizer","zakra_logo":0,"zakra_main_header_style":"default","zakra_menu_item_color":"","zakra_menu_item_hover_color":"","zakra_menu_item_active_color":"","zakra_menu_active_style":"","zakra_page_header":true,"_price":"","_stock":"","_tribe_ticket_header":"","_tribe_default_ticket_provider":"","_tribe_ticket_capacity":"0","_ticket_start_date":"","_ticket_end_date":"","_tribe_ticket_show_description":"","_tribe_ticket_show_not_going":false,"_tribe_ticket_use_global_stock":"","_tribe_ticket_global_stock_level":"","_global_stock_mode":"","_global_stock_cap":"","_tribe_rsvp_for_event":"","_tribe_ticket_going_count":"","_tribe_ticket_not_going_count":"","_tribe_tickets_list":"[]","_tribe_ticket_has_attendee_info_fields":false,"footnotes":"","_tec_slr_enabled":"","_tec_slr_layout":""},"class_list":["post-21","page","type-page","status-publish","hentry"],"yoast_head":"<!-- This site is optimized with the Yoast SEO plugin v27.3 - https:\/\/yoast.com\/product\/yoast-seo-wordpress\/ -->\n<title>Les G\u00eetes de La Moure Basse<\/title>\n<meta name=\"description\" content=\"S\u00e9journez au c\u0153ur du Quercy, dans nos g\u00eetes en pierre entour\u00e9s de nature. Calme, authenticit\u00e9 et week-ends \u00e0 th\u00e8me aux G\u00eetes de La Moure Basse\" \/>\n<meta name=\"robots\" content=\"index, follow, max-snippet:-1, max-image-preview:large, max-video-preview:-1\" \/>\n<link rel=\"canonical\" href=\"https:\/\/lesgitesdelamourebasse.fr\/\" \/>\n<meta property=\"og:locale\" content=\"fr_FR\" \/>\n<meta property=\"og:type\" content=\"article\" \/>\n<meta property=\"og:title\" content=\"Les G\u00eetes de La Moure Basse\" \/>\n<meta property=\"og:description\" content=\"S\u00e9journez au c\u0153ur du Quercy, dans nos g\u00eetes en pierre entour\u00e9s de nature. Calme, authenticit\u00e9 et week-ends \u00e0 th\u00e8me aux G\u00eetes de La Moure Basse\" \/>\n<meta property=\"og:url\" content=\"https:\/\/lesgitesdelamourebasse.fr\/\" \/>\n<meta property=\"article:modified_time\" content=\"2025-11-25T20:47:44+00:00\" \/>\n<meta property=\"og:image\" content=\"https:\/\/lesgitesdelamourebasse.fr\/wp-content\/uploads\/2025\/10\/Des-moments-a-feter-a-aimer-a-cherir.-5-1024x341.png\" \/>\n<meta name=\"twitter:card\" content=\"summary_large_image\" \/>\n<meta name=\"twitter:label1\" content=\"Dur\u00e9e de lecture estim\u00e9e\" \/>\n\t<meta name=\"twitter:data1\" content=\"4 minutes\" \/>\n<script type=\"application\/ld+json\" class=\"yoast-schema-graph\">{\"@context\":\"https:\\\/\\\/schema.org\",\"@graph\":[{\"@type\":\"WebPage\",\"@id\":\"https:\\\/\\\/lesgitesdelamourebasse.fr\\\/\",\"url\":\"https:\\\/\\\/lesgitesdelamourebasse.fr\\\/\",\"name\":\"Les G\u00eetes de La Moure Basse\",\"isPartOf\":{\"@id\":\"https:\\\/\\\/lesgitesdelamourebasse.fr\\\/#website\"},\"primaryImageOfPage\":{\"@id\":\"https:\\\/\\\/lesgitesdelamourebasse.fr\\\/#primaryimage\"},\"image\":{\"@id\":\"https:\\\/\\\/lesgitesdelamourebasse.fr\\\/#primaryimage\"},\"thumbnailUrl\":\"https:\\\/\\\/lesgitesdelamourebasse.fr\\\/wp-content\\\/uploads\\\/2025\\\/10\\\/Des-moments-a-feter-a-aimer-a-cherir.-5-1024x341.png\",\"datePublished\":\"2025-09-25T17:06:15+00:00\",\"dateModified\":\"2025-11-25T20:47:44+00:00\",\"description\":\"S\u00e9journez au c\u0153ur du Quercy, dans nos g\u00eetes en pierre entour\u00e9s de nature. Calme, authenticit\u00e9 et week-ends \u00e0 th\u00e8me aux G\u00eetes de La Moure Basse\",\"breadcrumb\":{\"@id\":\"https:\\\/\\\/lesgitesdelamourebasse.fr\\\/#breadcrumb\"},\"inLanguage\":\"fr-FR\",\"potentialAction\":[{\"@type\":\"ReadAction\",\"target\":[\"https:\\\/\\\/lesgitesdelamourebasse.fr\\\/\"]}]},{\"@type\":\"ImageObject\",\"inLanguage\":\"fr-FR\",\"@id\":\"https:\\\/\\\/lesgitesdelamourebasse.fr\\\/#primaryimage\",\"url\":\"https:\\\/\\\/lesgitesdelamourebasse.fr\\\/wp-content\\\/uploads\\\/2025\\\/10\\\/Des-moments-a-feter-a-aimer-a-cherir.-5.png\",\"contentUrl\":\"https:\\\/\\\/lesgitesdelamourebasse.fr\\\/wp-content\\\/uploads\\\/2025\\\/10\\\/Des-moments-a-feter-a-aimer-a-cherir.-5.png\",\"width\":1200,\"height\":400},{\"@type\":\"BreadcrumbList\",\"@id\":\"https:\\\/\\\/lesgitesdelamourebasse.fr\\\/#breadcrumb\",\"itemListElement\":[{\"@type\":\"ListItem\",\"position\":1,\"name\":\"Accueil\",\"item\":\"https:\\\/\\\/lesgitesdelamourebasse.fr\\\/\"},{\"@type\":\"ListItem\",\"position\":2,\"name\":\"Accueil\"}]},{\"@type\":\"WebSite\",\"@id\":\"https:\\\/\\\/lesgitesdelamourebasse.fr\\\/#website\",\"url\":\"https:\\\/\\\/lesgitesdelamourebasse.fr\\\/\",\"name\":\"\",\"description\":\"\",\"potentialAction\":[{\"@type\":\"SearchAction\",\"target\":{\"@type\":\"EntryPoint\",\"urlTemplate\":\"https:\\\/\\\/lesgitesdelamourebasse.fr\\\/?s={search_term_string}\"},\"query-input\":{\"@type\":\"PropertyValueSpecification\",\"valueRequired\":true,\"valueName\":\"search_term_string\"}}],\"inLanguage\":\"fr-FR\"}]}<\/script>\n<!-- \/ Yoast SEO plugin. -->","yoast_head_json":{"title":"Les G\u00eetes de La Moure Basse","description":"S\u00e9journez au c\u0153ur du Quercy, dans nos g\u00eetes en pierre entour\u00e9s de nature. Calme, authenticit\u00e9 et week-ends \u00e0 th\u00e8me aux G\u00eetes de La Moure Basse","robots":{"index":"index","follow":"follow","max-snippet":"max-snippet:-1","max-image-preview":"max-image-preview:large","max-video-preview":"max-video-preview:-1"},"canonical":"https:\/\/lesgitesdelamourebasse.fr\/","og_locale":"fr_FR","og_type":"article","og_title":"Les G\u00eetes de La Moure Basse","og_description":"S\u00e9journez au c\u0153ur du Quercy, dans nos g\u00eetes en pierre entour\u00e9s de nature. Calme, authenticit\u00e9 et week-ends \u00e0 th\u00e8me aux G\u00eetes de La Moure Basse","og_url":"https:\/\/lesgitesdelamourebasse.fr\/","article_modified_time":"2025-11-25T20:47:44+00:00","og_image":[{"url":"https:\/\/lesgitesdelamourebasse.fr\/wp-content\/uploads\/2025\/10\/Des-moments-a-feter-a-aimer-a-cherir.-5-1024x341.png","type":"","width":"","height":""}],"twitter_card":"summary_large_image","twitter_misc":{"Dur\u00e9e de lecture estim\u00e9e":"4 minutes"},"schema":{"@context":"https:\/\/schema.org","@graph":[{"@type":"WebPage","@id":"https:\/\/lesgitesdelamourebasse.fr\/","url":"https:\/\/lesgitesdelamourebasse.fr\/","name":"Les G\u00eetes de La Moure Basse","isPartOf":{"@id":"https:\/\/lesgitesdelamourebasse.fr\/#website"},"primaryImageOfPage":{"@id":"https:\/\/lesgitesdelamourebasse.fr\/#primaryimage"},"image":{"@id":"https:\/\/lesgitesdelamourebasse.fr\/#primaryimage"},"thumbnailUrl":"https:\/\/lesgitesdelamourebasse.fr\/wp-content\/uploads\/2025\/10\/Des-moments-a-feter-a-aimer-a-cherir.-5-1024x341.png","datePublished":"2025-09-25T17:06:15+00:00","dateModified":"2025-11-25T20:47:44+00:00","description":"S\u00e9journez au c\u0153ur du Quercy, dans nos g\u00eetes en pierre entour\u00e9s de nature. Calme, authenticit\u00e9 et week-ends \u00e0 th\u00e8me aux G\u00eetes de La Moure Basse","breadcrumb":{"@id":"https:\/\/lesgitesdelamourebasse.fr\/#breadcrumb"},"inLanguage":"fr-FR","potentialAction":[{"@type":"ReadAction","target":["https:\/\/lesgitesdelamourebasse.fr\/"]}]},{"@type":"ImageObject","inLanguage":"fr-FR","@id":"https:\/\/lesgitesdelamourebasse.fr\/#primaryimage","url":"https:\/\/lesgitesdelamourebasse.fr\/wp-content\/uploads\/2025\/10\/Des-moments-a-feter-a-aimer-a-cherir.-5.png","contentUrl":"https:\/\/lesgitesdelamourebasse.fr\/wp-content\/uploads\/2025\/10\/Des-moments-a-feter-a-aimer-a-cherir.-5.png","width":1200,"height":400},{"@type":"BreadcrumbList","@id":"https:\/\/lesgitesdelamourebasse.fr\/#breadcrumb","itemListElement":[{"@type":"ListItem","position":1,"name":"Accueil","item":"https:\/\/lesgitesdelamourebasse.fr\/"},{"@type":"ListItem","position":2,"name":"Accueil"}]},{"@type":"WebSite","@id":"https:\/\/lesgitesdelamourebasse.fr\/#website","url":"https:\/\/lesgitesdelamourebasse.fr\/","name":"","description":"","potentialAction":[{"@type":"SearchAction","target":{"@type":"EntryPoint","urlTemplate":"https:\/\/lesgitesdelamourebasse.fr\/?s={search_term_string}"},"query-input":{"@type":"PropertyValueSpecification","valueRequired":true,"valueName":"search_term_string"}}],"inLanguage":"fr-FR"}]}},"jetpack_sharing_enabled":true,"ticketed":false,"_links":{"self":[{"href":"https:\/\/lesgitesdelamourebasse.fr\/index.php\/wp-json\/wp\/v2\/pages\/21","targetHints":{"allow":["GET"]}}],"collection":[{"href":"https:\/\/lesgitesdelamourebasse.fr\/index.php\/wp-json\/wp\/v2\/pages"}],"about":[{"href":"https:\/\/lesgitesdelamourebasse.fr\/index.php\/wp-json\/wp\/v2\/types\/page"}],"author":[{"embeddable":true,"href":"https:\/\/lesgitesdelamourebasse.fr\/index.php\/wp-json\/wp\/v2\/users\/1"}],"replies":[{"embeddable":true,"href":"https:\/\/lesgitesdelamourebasse.fr\/index.php\/wp-json\/wp\/v2\/comments?post=21"}],"version-history":[{"count":81,"href":"https:\/\/lesgitesdelamourebasse.fr\/index.php\/wp-json\/wp\/v2\/pages\/21\/revisions"}],"predecessor-version":[{"id":541,"href":"https:\/\/lesgitesdelamourebasse.fr\/index.php\/wp-json\/wp\/v2\/pages\/21\/revisions\/541"}],"wp:attachment":[{"href":"https:\/\/lesgitesdelamourebasse.fr\/index.php\/wp-json\/wp\/v2\/media?parent=21"}],"curies":[{"name":"wp","href":"https:\/\/api.w.org\/{rel}","templated":true}]}}